{"id":6878,"date":"2022-08-31T17:33:10","date_gmt":"2022-08-31T20:33:10","guid":{"rendered":"https:\/\/raulcecilio.com\/?page_id=6878"},"modified":"2022-08-31T18:35:31","modified_gmt":"2022-08-31T21:35:31","slug":"contact-pt_br","status":"publish","type":"page","link":"https:\/\/raulcecilio.com\/index.php\/pt\/contact-pt_br\/","title":{"rendered":"Contact &#8211; pt_BR"},"content":{"rendered":"\t\t<div data-elementor-type=\"wp-page\" data-elementor-id=\"6878\" class=\"elementor elementor-6878\">\n\t\t\t\t\t\t\t\t\t<section class=\"elementor-section elementor-top-section elementor-element elementor-element-c2f3d72 elementor-section-boxed elementor-section-height-default elementor-section-height-default\" data-id=\"c2f3d72\" data-element_type=\"section\">\n\t\t\t\t\t\t<div class=\"elementor-container elementor-column-gap-default\">\n\t\t\t\t\t<div class=\"elementor-column elementor-col-100 elementor-top-column elementor-element elementor-element-d13daa9\" data-id=\"d13daa9\" data-element_type=\"column\">\n\t\t\t<div class=\"elementor-widget-wrap elementor-element-populated\">\n\t\t\t\t\t\t\t\t<div class=\"elementor-element elementor-element-f5b137c elementor-widget elementor-widget-wpforms\" data-id=\"f5b137c\" data-element_type=\"widget\" data-widget_type=\"wpforms.default\">\n\t\t\t\t<div class=\"elementor-widget-container\">\n\t\t\t<div class=\"wpforms-container wpforms-container-full\" id=\"wpforms-6873\"><form id=\"wpforms-form-6873\" class=\"wpforms-validate wpforms-form\" data-formid=\"6873\" method=\"post\" enctype=\"multipart\/form-data\" action=\"\/index.php\/wp-json\/wp\/v2\/pages\/6878\" data-token=\"00cc6ff6ca7a18780266a5b486efca18\"><noscript class=\"wpforms-error-noscript\">Ative o JavaScript no seu navegador para preencher este formul\u00e1rio.<\/noscript><div class=\"wpforms-field-container\"><div id=\"wpforms-6873-field_0-container\" class=\"wpforms-field wpforms-field-name\" data-field-id=\"0\"><label class=\"wpforms-field-label\" for=\"wpforms-6873-field_0\">Nome <span class=\"wpforms-required-label\">*<\/span><\/label><input type=\"text\" id=\"wpforms-6873-field_0\" class=\"wpforms-field-medium wpforms-field-required\" name=\"wpforms[fields][0]\" required><\/div><div id=\"wpforms-6873-field_1-container\" class=\"wpforms-field wpforms-field-email\" data-field-id=\"1\"><label class=\"wpforms-field-label\" for=\"wpforms-6873-field_1\">E-mail <span class=\"wpforms-required-label\">*<\/span><\/label><input type=\"email\" id=\"wpforms-6873-field_1\" class=\"wpforms-field-medium wpforms-field-required\" name=\"wpforms[fields][1]\" spellcheck=\"false\" required><\/div><div id=\"wpforms-6873-field_2-container\" class=\"wpforms-field wpforms-field-textarea\" data-field-id=\"2\"><label class=\"wpforms-field-label\" for=\"wpforms-6873-field_2\">Mensagem <span class=\"wpforms-required-label\">*<\/span><\/label><textarea id=\"wpforms-6873-field_2\" class=\"wpforms-field-medium wpforms-field-required\" name=\"wpforms[fields][2]\" required><\/textarea><\/div><\/div><!-- .wpforms-field-container --><div class=\"wpforms-submit-container\" ><input type=\"hidden\" name=\"wpforms[id]\" value=\"6873\"><input type=\"hidden\" name=\"wpforms[author]\" value=\"2\"><button type=\"submit\" name=\"wpforms[submit]\" id=\"wpforms-submit-6873\" class=\"wpforms-submit\" data-alt-text=\"Enviando...\" data-submit-text=\"Enviar\" aria-live=\"assertive\" value=\"wpforms-submit\">Enviar<\/button><\/div><\/form><\/div>  <!-- .wpforms-container -->\t\t<\/div>\n\t\t\t\t<\/div>\n\t\t\t\t\t<\/div>\n\t\t<\/div>\n\t\t\t\t\t\t\t<\/div>\n\t\t<\/section>\n\t\t\t\t<section class=\"elementor-section elementor-top-section elementor-element elementor-element-1d29c12 elementor-section-boxed elementor-section-height-default elementor-section-height-default\" data-id=\"1d29c12\" data-element_type=\"section\">\n\t\t\t\t\t\t<div class=\"elementor-container elementor-column-gap-default\">\n\t\t\t\t\t<div class=\"elementor-column elementor-col-100 elementor-top-column elementor-element elementor-element-3346138\" data-id=\"3346138\" data-element_type=\"column\">\n\t\t\t<div class=\"elementor-widget-wrap elementor-element-populated\">\n\t\t\t\t\t\t\t\t<div class=\"elementor-element elementor-element-daf83de elementor-widget elementor-widget-text-editor\" data-id=\"daf83de\" data-element_type=\"widget\" data-widget_type=\"text-editor.default\">\n\t\t\t\t<div class=\"elementor-widget-container\">\n\t\t\t\t\t\t\t<p>Privacidade<\/p><p>Os dados solicitados no formul\u00e1rio acima \u2013 nome e e-mail \u2013 ser\u00e3o utilizados \u00fanica e exclusivamente para responder \u00e0s mensagens recebidas.<\/p><p>Este site n\u00e3o faz bancos de dados com informa\u00e7\u00f5es de nossos correspondentes, nem fornecemos esses dados a outras pessoas ou empresas.<\/p>\t\t\t\t\t\t<\/div>\n\t\t\t\t<\/div>\n\t\t\t\t\t<\/div>\n\t\t<\/div>\n\t\t\t\t\t\t\t<\/div>\n\t\t<\/section>\n\t\t\t\t\t\t\t<\/div>\n\t\t","protected":false},"excerpt":{"rendered":"<p>Privacidade Os dados solicitados no formul\u00e1rio acima \u2013 nome e e-mail \u2013 ser\u00e3o utilizados \u00fanica e exclusivamente para responder \u00e0s mensagens recebidas. Este site n\u00e3o faz bancos de dados com informa\u00e7\u00f5es de nossos correspondentes, nem fornecemos esses dados a outras pessoas ou empresas.<\/p>\n","protected":false},"author":2,"featured_media":0,"parent":0,"menu_order":0,"comment_status":"closed","ping_status":"closed","template":"elementor_canvas","meta":[],"_links":{"self":[{"href":"https:\/\/raulcecilio.com\/index.php\/wp-json\/wp\/v2\/pages\/6878"}],"collection":[{"href":"https:\/\/raulcecilio.com\/index.php\/wp-json\/wp\/v2\/pages"}],"about":[{"href":"https:\/\/raulcecilio.com\/index.php\/wp-json\/wp\/v2\/types\/page"}],"author":[{"embeddable":true,"href":"https:\/\/raulcecilio.com\/index.php\/wp-json\/wp\/v2\/users\/2"}],"replies":[{"embeddable":true,"href":"https:\/\/raulcecilio.com\/index.php\/wp-json\/wp\/v2\/comments?post=6878"}],"version-history":[{"count":7,"href":"https:\/\/raulcecilio.com\/index.php\/wp-json\/wp\/v2\/pages\/6878\/revisions"}],"predecessor-version":[{"id":6936,"href":"https:\/\/raulcecilio.com\/index.php\/wp-json\/wp\/v2\/pages\/6878\/revisions\/6936"}],"wp:attachment":[{"href":"https:\/\/raulcecilio.com\/index.php\/wp-json\/wp\/v2\/media?parent=6878"}],"curies":[{"name":"wp","href":"https:\/\/api.w.org\/{rel}","templated":true}]}}