{"id":6982,"date":"2022-08-31T19:13:30","date_gmt":"2022-08-31T22:13:30","guid":{"rendered":"https:\/\/raulcecilio.com\/?page_id=6982"},"modified":"2022-08-31T19:16:34","modified_gmt":"2022-08-31T22:16:34","slug":"luminus-02-pt_br","status":"publish","type":"page","link":"https:\/\/raulcecilio.com\/index.php\/pt\/collections-pt_br\/lightining-manual-pt_br\/luminus-pt_br\/luminus-02-pt_br\/","title":{"rendered":"Luminus 02 &#8211; pt_BR"},"content":{"rendered":"\t\t<div data-elementor-type=\"wp-page\" data-elementor-id=\"6982\" class=\"elementor elementor-6982\">\n\t\t\t\t\t\t\t\t\t<section class=\"elementor-section elementor-top-section elementor-element elementor-element-84b4336 elementor-section-boxed elementor-section-height-default elementor-section-height-default\" data-id=\"84b4336\" data-element_type=\"section\">\n\t\t\t\t\t\t<div class=\"elementor-container elementor-column-gap-default\">\n\t\t\t\t\t<div class=\"elementor-column elementor-col-66 elementor-top-column elementor-element elementor-element-fbfab73\" data-id=\"fbfab73\" data-element_type=\"column\">\n\t\t\t<div class=\"elementor-widget-wrap elementor-element-populated\">\n\t\t\t\t\t\t\t\t<div class=\"elementor-element elementor-element-9d1a788 elementor-widget elementor-widget-image\" data-id=\"9d1a788\" data-element_type=\"widget\" data-widget_type=\"image.default\">\n\t\t\t\t<div class=\"elementor-widget-container\">\n\t\t\t\t\t\t\t\t\t\t\t\t\t\t\t\t<a href=\"http:\/\/raulcecilio.com\/wp-content\/uploads\/2022\/08\/Luminus-02-G.jpg\" data-elementor-open-lightbox=\"yes\" data-elementor-lightbox-title=\"Luminus 02\" data-e-action-hash=\"#elementor-action%3Aaction%3Dlightbox%26settings%3DeyJpZCI6NjA1MiwidXJsIjoiaHR0cHM6XC9cL3JhdWxjZWNpbGlvLmNvbVwvd3AtY29udGVudFwvdXBsb2Fkc1wvMjAyMlwvMDhcL0x1bWludXMtMDItRy5qcGcifQ%3D%3D\">\n\t\t\t\t\t\t\t<img decoding=\"async\" width=\"750\" height=\"345\" src=\"https:\/\/raulcecilio.com\/wp-content\/uploads\/2022\/08\/Luminus-02-G-1024x471.jpg\" class=\"attachment-large size-large wp-image-6052\" alt=\"\" srcset=\"https:\/\/raulcecilio.com\/wp-content\/uploads\/2022\/08\/Luminus-02-G-1024x471.jpg 1024w, https:\/\/raulcecilio.com\/wp-content\/uploads\/2022\/08\/Luminus-02-G-300x138.jpg 300w, https:\/\/raulcecilio.com\/wp-content\/uploads\/2022\/08\/Luminus-02-G-768x353.jpg 768w, https:\/\/raulcecilio.com\/wp-content\/uploads\/2022\/08\/Luminus-02-G.jpg 1350w\" sizes=\"(max-width: 750px) 100vw, 750px\" style=\"width:100%;height:46%;max-width:1350px\" \/>\t\t\t\t\t\t\t\t<\/a>\n\t\t\t\t\t\t\t\t\t\t\t\t\t\t\t<\/div>\n\t\t\t\t<\/div>\n\t\t\t\t\t<\/div>\n\t\t<\/div>\n\t\t\t\t<div class=\"elementor-column elementor-col-33 elementor-top-column elementor-element elementor-element-5884ee4\" data-id=\"5884ee4\" data-element_type=\"column\">\n\t\t\t<div class=\"elementor-widget-wrap elementor-element-populated\">\n\t\t\t\t\t\t\t\t<div class=\"elementor-element elementor-element-c2d9547 elementor-widget elementor-widget-text-editor\" data-id=\"c2d9547\" data-element_type=\"widget\" data-widget_type=\"text-editor.default\">\n\t\t\t\t<div class=\"elementor-widget-container\">\n\t\t\t\t\t\t\t<p>Luminus 02<\/p>\t\t\t\t\t\t<\/div>\n\t\t\t\t<\/div>\n\t\t\t\t<div class=\"elementor-element elementor-element-6f7b151 elementor-widget elementor-widget-text-editor\" data-id=\"6f7b151\" data-element_type=\"widget\" data-widget_type=\"text-editor.default\">\n\t\t\t\t<div class=\"elementor-widget-container\">\n\t\t\t\t\t\t\t<p>Luminus 02, Fevereiro de 2015, Raul Cecilio<\/p>\t\t\t\t\t\t<\/div>\n\t\t\t\t<\/div>\n\t\t\t\t<div class=\"elementor-element elementor-element-30cbf46 elementor-widget elementor-widget-text-editor\" data-id=\"30cbf46\" data-element_type=\"widget\" data-widget_type=\"text-editor.default\">\n\t\t\t\t<div class=\"elementor-widget-container\">\n\t\t\t\t\t\t\t<p>Tamanho: 200 cm x 92 cm<\/p>\t\t\t\t\t\t<\/div>\n\t\t\t\t<\/div>\n\t\t\t\t<div class=\"elementor-element elementor-element-e4492b2 elementor-widget elementor-widget-text-editor\" data-id=\"e4492b2\" data-element_type=\"widget\" data-widget_type=\"text-editor.default\">\n\t\t\t\t<div class=\"elementor-widget-container\">\n\t\t\t\t\t\t\t<p>Composi\u00e7\u00e3o abstrata formada por 1150 pe\u00e7as pintadas digitalmente. O conjunto de pe\u00e7as forma a composi\u00e7\u00e3o. Em uma escala de cinza.<\/p>\t\t\t\t\t\t<\/div>\n\t\t\t\t<\/div>\n\t\t\t\t<div class=\"elementor-element elementor-element-755c550 elementor-widget elementor-widget-text-editor\" data-id=\"755c550\" data-element_type=\"widget\" data-widget_type=\"text-editor.default\">\n\t\t\t\t<div class=\"elementor-widget-container\">\n\t\t\t\t\t\t\t<p>Palavras-chave: arte moderna, arte contempor\u00e2nea, arte decorativa, gravura emoldurada, mosaico, abstrato, arte de parede, decora\u00e7\u00e3o de parede, decora\u00e7\u00e3o de sala, decora\u00e7\u00e3o de quarto, decora\u00e7\u00e3o de escrit\u00f3rio, decora\u00e7\u00e3o de sal\u00e3o, pe\u00e7a de decora\u00e7\u00e3o, pe\u00e7a de arte, objeto de arte, obra de arte, pintura , composi\u00e7\u00e3o, impress\u00e3o, gravura, geom\u00e9trica, tablet, azulejo, escala de cinza, luminus, raul cecilio<\/p>\t\t\t\t\t\t<\/div>\n\t\t\t\t<\/div>\n\t\t\t\t\t<\/div>\n\t\t<\/div>\n\t\t\t\t\t\t\t<\/div>\n\t\t<\/section>\n\t\t\t\t\t\t\t<\/div>\n\t\t","protected":false},"excerpt":{"rendered":"<p>Luminus 02 Luminus 02, Fevereiro de 2015, Raul Cecilio Tamanho: 200 cm x 92 cm Composi\u00e7\u00e3o abstrata formada por 1150 pe\u00e7as pintadas digitalmente. O conjunto de pe\u00e7as forma a composi\u00e7\u00e3o. Em uma escala de cinza. Palavras-chave: arte moderna, arte contempor\u00e2nea, arte decorativa, gravura emoldurada, mosaico, abstrato, arte de parede, decora\u00e7\u00e3o de parede, decora\u00e7\u00e3o de sala,&hellip; <a class=\"more-link\" href=\"https:\/\/raulcecilio.com\/index.php\/pt\/collections-pt_br\/lightining-manual-pt_br\/luminus-pt_br\/luminus-02-pt_br\/\">Continuar lendo <span class=\"screen-reader-text\">Luminus 02 &#8211; pt_BR<\/span><\/a><\/p>\n","protected":false},"author":2,"featured_media":0,"parent":6964,"menu_order":3,"comment_status":"closed","ping_status":"closed","template":"elementor_canvas","meta":[],"_links":{"self":[{"href":"https:\/\/raulcecilio.com\/index.php\/wp-json\/wp\/v2\/pages\/6982"}],"collection":[{"href":"https:\/\/raulcecilio.com\/index.php\/wp-json\/wp\/v2\/pages"}],"about":[{"href":"https:\/\/raulcecilio.com\/index.php\/wp-json\/wp\/v2\/types\/page"}],"author":[{"embeddable":true,"href":"https:\/\/raulcecilio.com\/index.php\/wp-json\/wp\/v2\/users\/2"}],"replies":[{"embeddable":true,"href":"https:\/\/raulcecilio.com\/index.php\/wp-json\/wp\/v2\/comments?post=6982"}],"version-history":[{"count":4,"href":"https:\/\/raulcecilio.com\/index.php\/wp-json\/wp\/v2\/pages\/6982\/revisions"}],"predecessor-version":[{"id":6986,"href":"https:\/\/raulcecilio.com\/index.php\/wp-json\/wp\/v2\/pages\/6982\/revisions\/6986"}],"up":[{"embeddable":true,"href":"https:\/\/raulcecilio.com\/index.php\/wp-json\/wp\/v2\/pages\/6964"}],"wp:attachment":[{"href":"https:\/\/raulcecilio.com\/index.php\/wp-json\/wp\/v2\/media?parent=6982"}],"curies":[{"name":"wp","href":"https:\/\/api.w.org\/{rel}","templated":true}]}}