{"id":6990,"date":"2022-08-31T19:18:05","date_gmt":"2022-08-31T22:18:05","guid":{"rendered":"https:\/\/raulcecilio.com\/?page_id=6990"},"modified":"2022-08-31T19:19:45","modified_gmt":"2022-08-31T22:19:45","slug":"luminus-03-pt_br","status":"publish","type":"page","link":"https:\/\/raulcecilio.com\/index.php\/pt\/collections-pt_br\/lightining-manual-pt_br\/luminus-pt_br\/luminus-03-pt_br\/","title":{"rendered":"Luminus 03 &#8211; pt_BR"},"content":{"rendered":"\t\t<div data-elementor-type=\"wp-page\" data-elementor-id=\"6990\" class=\"elementor elementor-6990\">\n\t\t\t\t\t\t\t\t\t<section class=\"elementor-section elementor-top-section elementor-element elementor-element-1be4bbc elementor-section-boxed elementor-section-height-default elementor-section-height-default\" data-id=\"1be4bbc\" data-element_type=\"section\">\n\t\t\t\t\t\t<div class=\"elementor-container elementor-column-gap-default\">\n\t\t\t\t\t<div class=\"elementor-column elementor-col-66 elementor-top-column elementor-element elementor-element-629ec64\" data-id=\"629ec64\" data-element_type=\"column\">\n\t\t\t<div class=\"elementor-widget-wrap elementor-element-populated\">\n\t\t\t\t\t\t\t\t<div class=\"elementor-element elementor-element-35e4720 elementor-widget elementor-widget-image\" data-id=\"35e4720\" data-element_type=\"widget\" data-widget_type=\"image.default\">\n\t\t\t\t<div class=\"elementor-widget-container\">\n\t\t\t\t\t\t\t\t\t\t\t\t\t\t\t\t<a href=\"http:\/\/raulcecilio.com\/wp-content\/uploads\/2022\/08\/Luminus-03-G.jpg\" data-elementor-open-lightbox=\"yes\" data-elementor-lightbox-title=\"Luminus 03\" data-e-action-hash=\"#elementor-action%3Aaction%3Dlightbox%26settings%3DeyJpZCI6NjA1NCwidXJsIjoiaHR0cHM6XC9cL3JhdWxjZWNpbGlvLmNvbVwvd3AtY29udGVudFwvdXBsb2Fkc1wvMjAyMlwvMDhcL0x1bWludXMtMDMtRy5qcGcifQ%3D%3D\">\n\t\t\t\t\t\t\t<img decoding=\"async\" width=\"750\" height=\"345\" src=\"https:\/\/raulcecilio.com\/wp-content\/uploads\/2022\/08\/Luminus-03-G-1024x471.jpg\" class=\"attachment-large size-large wp-image-6054\" alt=\"\" srcset=\"https:\/\/raulcecilio.com\/wp-content\/uploads\/2022\/08\/Luminus-03-G-1024x471.jpg 1024w, https:\/\/raulcecilio.com\/wp-content\/uploads\/2022\/08\/Luminus-03-G-300x138.jpg 300w, https:\/\/raulcecilio.com\/wp-content\/uploads\/2022\/08\/Luminus-03-G-768x353.jpg 768w, https:\/\/raulcecilio.com\/wp-content\/uploads\/2022\/08\/Luminus-03-G.jpg 1350w\" sizes=\"(max-width: 750px) 100vw, 750px\" style=\"width:100%;height:46%;max-width:1350px\" \/>\t\t\t\t\t\t\t\t<\/a>\n\t\t\t\t\t\t\t\t\t\t\t\t\t\t\t<\/div>\n\t\t\t\t<\/div>\n\t\t\t\t\t<\/div>\n\t\t<\/div>\n\t\t\t\t<div class=\"elementor-column elementor-col-33 elementor-top-column elementor-element elementor-element-71ce801\" data-id=\"71ce801\" data-element_type=\"column\">\n\t\t\t<div class=\"elementor-widget-wrap elementor-element-populated\">\n\t\t\t\t\t\t\t\t<div class=\"elementor-element elementor-element-0368ed3 elementor-widget elementor-widget-text-editor\" data-id=\"0368ed3\" data-element_type=\"widget\" data-widget_type=\"text-editor.default\">\n\t\t\t\t<div class=\"elementor-widget-container\">\n\t\t\t\t\t\t\t<p>Luminus 03<\/p>\t\t\t\t\t\t<\/div>\n\t\t\t\t<\/div>\n\t\t\t\t<div class=\"elementor-element elementor-element-2494ddf elementor-widget elementor-widget-text-editor\" data-id=\"2494ddf\" data-element_type=\"widget\" data-widget_type=\"text-editor.default\">\n\t\t\t\t<div class=\"elementor-widget-container\">\n\t\t\t\t\t\t\t<p>Luminus 03, Mar\u00e7o de 2015, Raul Cecilio<\/p>\t\t\t\t\t\t<\/div>\n\t\t\t\t<\/div>\n\t\t\t\t<div class=\"elementor-element elementor-element-ce4aa2d elementor-widget elementor-widget-text-editor\" data-id=\"ce4aa2d\" data-element_type=\"widget\" data-widget_type=\"text-editor.default\">\n\t\t\t\t<div class=\"elementor-widget-container\">\n\t\t\t\t\t\t\t<p>Tamanho: 200 cm x 92 cm<\/p>\t\t\t\t\t\t<\/div>\n\t\t\t\t<\/div>\n\t\t\t\t<div class=\"elementor-element elementor-element-99d6b88 elementor-widget elementor-widget-text-editor\" data-id=\"99d6b88\" data-element_type=\"widget\" data-widget_type=\"text-editor.default\">\n\t\t\t\t<div class=\"elementor-widget-container\">\n\t\t\t\t\t\t\t<p>Composi\u00e7\u00e3o abstrata formada por 1150 pe\u00e7as pintadas digitalmente. O conjunto de pe\u00e7as forma a composi\u00e7\u00e3o. Em escala de cinza.<\/p>\t\t\t\t\t\t<\/div>\n\t\t\t\t<\/div>\n\t\t\t\t<div class=\"elementor-element elementor-element-0f268df elementor-widget elementor-widget-text-editor\" data-id=\"0f268df\" data-element_type=\"widget\" data-widget_type=\"text-editor.default\">\n\t\t\t\t<div class=\"elementor-widget-container\">\n\t\t\t\t\t\t\t<p>Palavras-chave: arte moderna, arte contempor\u00e2nea, arte decorativa, gravura emoldurada, mosaico, abstrato, arte de parede, decora\u00e7\u00e3o de parede, decora\u00e7\u00e3o de sala, decora\u00e7\u00e3o de quarto, decora\u00e7\u00e3o de escrit\u00f3rio, decora\u00e7\u00e3o de sal\u00e3o, pe\u00e7a de decora\u00e7\u00e3o, pe\u00e7a de arte, objeto de arte, obra de arte, pintura , composi\u00e7\u00e3o, impress\u00e3o, gravura, geom\u00e9trica, tablet, azulejo, escala de cinza, luminus, raul cecilio<\/p>\t\t\t\t\t\t<\/div>\n\t\t\t\t<\/div>\n\t\t\t\t\t<\/div>\n\t\t<\/div>\n\t\t\t\t\t\t\t<\/div>\n\t\t<\/section>\n\t\t\t\t\t\t\t<\/div>\n\t\t","protected":false},"excerpt":{"rendered":"<p>Luminus 03 Luminus 03, Mar\u00e7o de 2015, Raul Cecilio Tamanho: 200 cm x 92 cm Composi\u00e7\u00e3o abstrata formada por 1150 pe\u00e7as pintadas digitalmente. O conjunto de pe\u00e7as forma a composi\u00e7\u00e3o. Em escala de cinza. Palavras-chave: arte moderna, arte contempor\u00e2nea, arte decorativa, gravura emoldurada, mosaico, abstrato, arte de parede, decora\u00e7\u00e3o de parede, decora\u00e7\u00e3o de sala, decora\u00e7\u00e3o&hellip; <a class=\"more-link\" href=\"https:\/\/raulcecilio.com\/index.php\/pt\/collections-pt_br\/lightining-manual-pt_br\/luminus-pt_br\/luminus-03-pt_br\/\">Continuar lendo <span class=\"screen-reader-text\">Luminus 03 &#8211; pt_BR<\/span><\/a><\/p>\n","protected":false},"author":2,"featured_media":0,"parent":6964,"menu_order":3,"comment_status":"closed","ping_status":"closed","template":"elementor_canvas","meta":[],"_links":{"self":[{"href":"https:\/\/raulcecilio.com\/index.php\/wp-json\/wp\/v2\/pages\/6990"}],"collection":[{"href":"https:\/\/raulcecilio.com\/index.php\/wp-json\/wp\/v2\/pages"}],"about":[{"href":"https:\/\/raulcecilio.com\/index.php\/wp-json\/wp\/v2\/types\/page"}],"author":[{"embeddable":true,"href":"https:\/\/raulcecilio.com\/index.php\/wp-json\/wp\/v2\/users\/2"}],"replies":[{"embeddable":true,"href":"https:\/\/raulcecilio.com\/index.php\/wp-json\/wp\/v2\/comments?post=6990"}],"version-history":[{"count":4,"href":"https:\/\/raulcecilio.com\/index.php\/wp-json\/wp\/v2\/pages\/6990\/revisions"}],"predecessor-version":[{"id":6994,"href":"https:\/\/raulcecilio.com\/index.php\/wp-json\/wp\/v2\/pages\/6990\/revisions\/6994"}],"up":[{"embeddable":true,"href":"https:\/\/raulcecilio.com\/index.php\/wp-json\/wp\/v2\/pages\/6964"}],"wp:attachment":[{"href":"https:\/\/raulcecilio.com\/index.php\/wp-json\/wp\/v2\/media?parent=6990"}],"curies":[{"name":"wp","href":"https:\/\/api.w.org\/{rel}","templated":true}]}}