{"id":6995,"date":"2022-08-31T19:20:39","date_gmt":"2022-08-31T22:20:39","guid":{"rendered":"https:\/\/raulcecilio.com\/?page_id=6995"},"modified":"2022-08-31T19:23:04","modified_gmt":"2022-08-31T22:23:04","slug":"luminus-04-pt_br","status":"publish","type":"page","link":"https:\/\/raulcecilio.com\/index.php\/pt\/collections-pt_br\/lightining-manual-pt_br\/luminus-pt_br\/luminus-04-pt_br\/","title":{"rendered":"Luminus 04 &#8211; pt_BR"},"content":{"rendered":"\t\t<div data-elementor-type=\"wp-page\" data-elementor-id=\"6995\" class=\"elementor elementor-6995\">\n\t\t\t\t\t\t\t\t\t<section class=\"elementor-section elementor-top-section elementor-element elementor-element-b728079 elementor-section-boxed elementor-section-height-default elementor-section-height-default\" data-id=\"b728079\" data-element_type=\"section\">\n\t\t\t\t\t\t<div class=\"elementor-container elementor-column-gap-default\">\n\t\t\t\t\t<div class=\"elementor-column elementor-col-66 elementor-top-column elementor-element elementor-element-23f1d25\" data-id=\"23f1d25\" data-element_type=\"column\">\n\t\t\t<div class=\"elementor-widget-wrap elementor-element-populated\">\n\t\t\t\t\t\t\t\t<div class=\"elementor-element elementor-element-cd6b4c1 elementor-widget elementor-widget-image\" data-id=\"cd6b4c1\" data-element_type=\"widget\" data-widget_type=\"image.default\">\n\t\t\t\t<div class=\"elementor-widget-container\">\n\t\t\t\t\t\t\t\t\t\t\t\t\t\t\t\t<a href=\"http:\/\/raulcecilio.com\/wp-content\/uploads\/2022\/08\/Luminus-04-G.jpg\" data-elementor-open-lightbox=\"yes\" data-elementor-lightbox-title=\"Luminus 04\" data-e-action-hash=\"#elementor-action%3Aaction%3Dlightbox%26settings%3DeyJpZCI6NjA1NiwidXJsIjoiaHR0cHM6XC9cL3JhdWxjZWNpbGlvLmNvbVwvd3AtY29udGVudFwvdXBsb2Fkc1wvMjAyMlwvMDhcL0x1bWludXMtMDQtRy5qcGcifQ%3D%3D\">\n\t\t\t\t\t\t\t<img decoding=\"async\" width=\"750\" height=\"345\" src=\"https:\/\/raulcecilio.com\/wp-content\/uploads\/2022\/08\/Luminus-04-G-1024x471.jpg\" class=\"attachment-large size-large wp-image-6056\" alt=\"\" srcset=\"https:\/\/raulcecilio.com\/wp-content\/uploads\/2022\/08\/Luminus-04-G-1024x471.jpg 1024w, https:\/\/raulcecilio.com\/wp-content\/uploads\/2022\/08\/Luminus-04-G-300x138.jpg 300w, https:\/\/raulcecilio.com\/wp-content\/uploads\/2022\/08\/Luminus-04-G-768x353.jpg 768w, https:\/\/raulcecilio.com\/wp-content\/uploads\/2022\/08\/Luminus-04-G.jpg 1350w\" sizes=\"(max-width: 750px) 100vw, 750px\" style=\"width:100%;height:46%;max-width:1350px\" \/>\t\t\t\t\t\t\t\t<\/a>\n\t\t\t\t\t\t\t\t\t\t\t\t\t\t\t<\/div>\n\t\t\t\t<\/div>\n\t\t\t\t\t<\/div>\n\t\t<\/div>\n\t\t\t\t<div class=\"elementor-column elementor-col-33 elementor-top-column elementor-element elementor-element-478937a\" data-id=\"478937a\" data-element_type=\"column\">\n\t\t\t<div class=\"elementor-widget-wrap elementor-element-populated\">\n\t\t\t\t\t\t\t\t<div class=\"elementor-element elementor-element-fef4d93 elementor-widget elementor-widget-text-editor\" data-id=\"fef4d93\" data-element_type=\"widget\" data-widget_type=\"text-editor.default\">\n\t\t\t\t<div class=\"elementor-widget-container\">\n\t\t\t\t\t\t\t<p>Luminus 04<\/p>\t\t\t\t\t\t<\/div>\n\t\t\t\t<\/div>\n\t\t\t\t<div class=\"elementor-element elementor-element-d00a396 elementor-widget elementor-widget-text-editor\" data-id=\"d00a396\" data-element_type=\"widget\" data-widget_type=\"text-editor.default\">\n\t\t\t\t<div class=\"elementor-widget-container\">\n\t\t\t\t\t\t\t<p>Luminus 04, Abril de 2015, Raul Cecilio<\/p>\t\t\t\t\t\t<\/div>\n\t\t\t\t<\/div>\n\t\t\t\t<div class=\"elementor-element elementor-element-573da4a elementor-widget elementor-widget-text-editor\" data-id=\"573da4a\" data-element_type=\"widget\" data-widget_type=\"text-editor.default\">\n\t\t\t\t<div class=\"elementor-widget-container\">\n\t\t\t\t\t\t\t<p>Tamanho: 200 cm x 92 cm<\/p>\t\t\t\t\t\t<\/div>\n\t\t\t\t<\/div>\n\t\t\t\t<div class=\"elementor-element elementor-element-e15d4a9 elementor-widget elementor-widget-text-editor\" data-id=\"e15d4a9\" data-element_type=\"widget\" data-widget_type=\"text-editor.default\">\n\t\t\t\t<div class=\"elementor-widget-container\">\n\t\t\t\t\t\t\t<p>Composi\u00e7\u00e3o abstrata formada por 1150 pe\u00e7as pintadas digitalmente. O conjunto de pe\u00e7as forma a composi\u00e7\u00e3o. Em escala de cinza.<\/p>\t\t\t\t\t\t<\/div>\n\t\t\t\t<\/div>\n\t\t\t\t<div class=\"elementor-element elementor-element-b681c7c elementor-widget elementor-widget-text-editor\" data-id=\"b681c7c\" data-element_type=\"widget\" data-widget_type=\"text-editor.default\">\n\t\t\t\t<div class=\"elementor-widget-container\">\n\t\t\t\t\t\t\t<p>Palavras-chave: arte moderna, arte contempor\u00e2nea, arte decorativa, gravura emoldurada, mosaico, abstrato, arte de parede, decora\u00e7\u00e3o de parede, decora\u00e7\u00e3o de sala, decora\u00e7\u00e3o de quarto, decora\u00e7\u00e3o de escrit\u00f3rio, decora\u00e7\u00e3o de sal\u00e3o, pe\u00e7a de decora\u00e7\u00e3o, pe\u00e7a de arte, objeto de arte, obra de arte, pintura , composi\u00e7\u00e3o, impress\u00e3o, gravura, geom\u00e9trica, tablet, azulejo, escala de cinza, luminus, raul cecilio<\/p>\t\t\t\t\t\t<\/div>\n\t\t\t\t<\/div>\n\t\t\t\t\t<\/div>\n\t\t<\/div>\n\t\t\t\t\t\t\t<\/div>\n\t\t<\/section>\n\t\t\t\t\t\t\t<\/div>\n\t\t","protected":false},"excerpt":{"rendered":"<p>Luminus 04 Luminus 04, Abril de 2015, Raul Cecilio Tamanho: 200 cm x 92 cm Composi\u00e7\u00e3o abstrata formada por 1150 pe\u00e7as pintadas digitalmente. O conjunto de pe\u00e7as forma a composi\u00e7\u00e3o. Em escala de cinza. Palavras-chave: arte moderna, arte contempor\u00e2nea, arte decorativa, gravura emoldurada, mosaico, abstrato, arte de parede, decora\u00e7\u00e3o de parede, decora\u00e7\u00e3o de sala, decora\u00e7\u00e3o&hellip; <a class=\"more-link\" href=\"https:\/\/raulcecilio.com\/index.php\/pt\/collections-pt_br\/lightining-manual-pt_br\/luminus-pt_br\/luminus-04-pt_br\/\">Continuar lendo <span class=\"screen-reader-text\">Luminus 04 &#8211; pt_BR<\/span><\/a><\/p>\n","protected":false},"author":2,"featured_media":0,"parent":6964,"menu_order":3,"comment_status":"closed","ping_status":"closed","template":"elementor_canvas","meta":[],"_links":{"self":[{"href":"https:\/\/raulcecilio.com\/index.php\/wp-json\/wp\/v2\/pages\/6995"}],"collection":[{"href":"https:\/\/raulcecilio.com\/index.php\/wp-json\/wp\/v2\/pages"}],"about":[{"href":"https:\/\/raulcecilio.com\/index.php\/wp-json\/wp\/v2\/types\/page"}],"author":[{"embeddable":true,"href":"https:\/\/raulcecilio.com\/index.php\/wp-json\/wp\/v2\/users\/2"}],"replies":[{"embeddable":true,"href":"https:\/\/raulcecilio.com\/index.php\/wp-json\/wp\/v2\/comments?post=6995"}],"version-history":[{"count":10,"href":"https:\/\/raulcecilio.com\/index.php\/wp-json\/wp\/v2\/pages\/6995\/revisions"}],"predecessor-version":[{"id":7005,"href":"https:\/\/raulcecilio.com\/index.php\/wp-json\/wp\/v2\/pages\/6995\/revisions\/7005"}],"up":[{"embeddable":true,"href":"https:\/\/raulcecilio.com\/index.php\/wp-json\/wp\/v2\/pages\/6964"}],"wp:attachment":[{"href":"https:\/\/raulcecilio.com\/index.php\/wp-json\/wp\/v2\/media?parent=6995"}],"curies":[{"name":"wp","href":"https:\/\/api.w.org\/{rel}","templated":true}]}}