{"id":7175,"date":"2022-09-13T18:29:52","date_gmt":"2022-09-13T21:29:52","guid":{"rendered":"https:\/\/raulcecilio.com\/?page_id=7175"},"modified":"2022-09-13T18:31:03","modified_gmt":"2022-09-13T21:31:03","slug":"lumen-02-pt_br","status":"publish","type":"page","link":"https:\/\/raulcecilio.com\/index.php\/pt\/collections-pt_br\/lightining-manual-pt_br\/lumen\/lumen-02-pt_br\/","title":{"rendered":"Lumen 02 &#8211; pt_BR"},"content":{"rendered":"\t\t<div data-elementor-type=\"wp-page\" data-elementor-id=\"7175\" class=\"elementor elementor-7175\">\n\t\t\t\t\t\t\t\t\t<section class=\"elementor-section elementor-top-section elementor-element elementor-element-285f7f5 elementor-section-boxed elementor-section-height-default elementor-section-height-default\" data-id=\"285f7f5\" data-element_type=\"section\">\n\t\t\t\t\t\t<div class=\"elementor-container elementor-column-gap-default\">\n\t\t\t\t\t<div class=\"elementor-column elementor-col-66 elementor-top-column elementor-element elementor-element-7dc2021\" data-id=\"7dc2021\" data-element_type=\"column\">\n\t\t\t<div class=\"elementor-widget-wrap elementor-element-populated\">\n\t\t\t\t\t\t\t\t<div class=\"elementor-element elementor-element-59b2e96 elementor-widget elementor-widget-image\" data-id=\"59b2e96\" data-element_type=\"widget\" data-widget_type=\"image.default\">\n\t\t\t\t<div class=\"elementor-widget-container\">\n\t\t\t\t\t\t\t\t\t\t\t\t\t\t\t\t<a href=\"http:\/\/raulcecilio.com\/wp-content\/uploads\/2022\/08\/Lumen-02-G.jpg\" data-elementor-open-lightbox=\"yes\" data-elementor-lightbox-title=\"Lumen 02\" data-e-action-hash=\"#elementor-action%3Aaction%3Dlightbox%26settings%3DeyJpZCI6NjA2MiwidXJsIjoiaHR0cHM6XC9cL3JhdWxjZWNpbGlvLmNvbVwvd3AtY29udGVudFwvdXBsb2Fkc1wvMjAyMlwvMDhcL0x1bWVuLTAyLUcuanBnIn0%3D\">\n\t\t\t\t\t\t\t<img decoding=\"async\" width=\"750\" height=\"355\" src=\"https:\/\/raulcecilio.com\/wp-content\/uploads\/2022\/08\/Lumen-02-G-1024x485.jpg\" class=\"attachment-large size-large wp-image-6062\" alt=\"\" srcset=\"https:\/\/raulcecilio.com\/wp-content\/uploads\/2022\/08\/Lumen-02-G-1024x485.jpg 1024w, https:\/\/raulcecilio.com\/wp-content\/uploads\/2022\/08\/Lumen-02-G-300x142.jpg 300w, https:\/\/raulcecilio.com\/wp-content\/uploads\/2022\/08\/Lumen-02-G-768x364.jpg 768w, https:\/\/raulcecilio.com\/wp-content\/uploads\/2022\/08\/Lumen-02-G.jpg 1500w\" sizes=\"(max-width: 750px) 100vw, 750px\" style=\"width:100%;height:47.4%;max-width:1500px\" \/>\t\t\t\t\t\t\t\t<\/a>\n\t\t\t\t\t\t\t\t\t\t\t\t\t\t\t<\/div>\n\t\t\t\t<\/div>\n\t\t\t\t\t<\/div>\n\t\t<\/div>\n\t\t\t\t<div class=\"elementor-column elementor-col-33 elementor-top-column elementor-element elementor-element-c7a7a52\" data-id=\"c7a7a52\" data-element_type=\"column\">\n\t\t\t<div class=\"elementor-widget-wrap elementor-element-populated\">\n\t\t\t\t\t\t\t\t<div class=\"elementor-element elementor-element-3decfd2 elementor-widget elementor-widget-text-editor\" data-id=\"3decfd2\" data-element_type=\"widget\" data-widget_type=\"text-editor.default\">\n\t\t\t\t<div class=\"elementor-widget-container\">\n\t\t\t\t\t\t\t<p>Lumen 02<\/p>\t\t\t\t\t\t<\/div>\n\t\t\t\t<\/div>\n\t\t\t\t<div class=\"elementor-element elementor-element-bd3f44f elementor-widget elementor-widget-text-editor\" data-id=\"bd3f44f\" data-element_type=\"widget\" data-widget_type=\"text-editor.default\">\n\t\t\t\t<div class=\"elementor-widget-container\">\n\t\t\t\t\t\t\t<p>Lumen 02, janeiro de 2016, Raul Cecilio<\/p>\t\t\t\t\t\t<\/div>\n\t\t\t\t<\/div>\n\t\t\t\t<div class=\"elementor-element elementor-element-ad361a0 elementor-widget elementor-widget-text-editor\" data-id=\"ad361a0\" data-element_type=\"widget\" data-widget_type=\"text-editor.default\">\n\t\t\t\t<div class=\"elementor-widget-container\">\n\t\t\t\t\t\t\t<p>Tamanho 190 cm x 90 cm<\/p>\t\t\t\t\t\t<\/div>\n\t\t\t\t<\/div>\n\t\t\t\t<div class=\"elementor-element elementor-element-a1de590 elementor-widget elementor-widget-text-editor\" data-id=\"a1de590\" data-element_type=\"widget\" data-widget_type=\"text-editor.default\">\n\t\t\t\t<div class=\"elementor-widget-container\">\n\t\t\t\t\t\t\t<p>Composi\u00e7\u00e3o abstrata formada por 684 pe\u00e7as pintadas digitalmente. O conjunto das pe\u00e7as forma a composi\u00e7\u00e3o. Em uma escala de marrom levemente cromatizado de ocre.<\/p>\t\t\t\t\t\t<\/div>\n\t\t\t\t<\/div>\n\t\t\t\t<div class=\"elementor-element elementor-element-645024e elementor-widget elementor-widget-text-editor\" data-id=\"645024e\" data-element_type=\"widget\" data-widget_type=\"text-editor.default\">\n\t\t\t\t<div class=\"elementor-widget-container\">\n\t\t\t\t\t\t\t<p>Palavras-chave: arte moderna, arte contempor\u00e2nea, arte decorativa, impress\u00e3o na moldura, mosaico, abstrato, arte de parede, decora\u00e7\u00e3o de parede, decora\u00e7\u00e3o para sala, decora\u00e7\u00e3o para quarto, decora\u00e7\u00e3o para escrit\u00f3rio, decora\u00e7\u00e3o para entrada, pe\u00e7a de decora\u00e7\u00e3o, pe\u00e7a de arte, objeto de arte, trabalho de arte, pintura, composi\u00e7\u00e3o, impress\u00e3o, gravura, geom\u00e9trico, azulejo, lumen, raul cecilio<\/p>\t\t\t\t\t\t<\/div>\n\t\t\t\t<\/div>\n\t\t\t\t\t<\/div>\n\t\t<\/div>\n\t\t\t\t\t\t\t<\/div>\n\t\t<\/section>\n\t\t\t\t\t\t\t<\/div>\n\t\t","protected":false},"excerpt":{"rendered":"<p>Lumen 02 Lumen 02, janeiro de 2016, Raul Cecilio Tamanho 190 cm x 90 cm Composi\u00e7\u00e3o abstrata formada por 684 pe\u00e7as pintadas digitalmente. O conjunto das pe\u00e7as forma a composi\u00e7\u00e3o. Em uma escala de marrom levemente cromatizado de ocre. Palavras-chave: arte moderna, arte contempor\u00e2nea, arte decorativa, impress\u00e3o na moldura, mosaico, abstrato, arte de parede, decora\u00e7\u00e3o&hellip; <a class=\"more-link\" href=\"https:\/\/raulcecilio.com\/index.php\/pt\/collections-pt_br\/lightining-manual-pt_br\/lumen\/lumen-02-pt_br\/\">Continuar lendo <span class=\"screen-reader-text\">Lumen 02 &#8211; pt_BR<\/span><\/a><\/p>\n","protected":false},"author":1,"featured_media":0,"parent":6966,"menu_order":3,"comment_status":"closed","ping_status":"closed","template":"elementor_canvas","meta":[],"_links":{"self":[{"href":"https:\/\/raulcecilio.com\/index.php\/wp-json\/wp\/v2\/pages\/7175"}],"collection":[{"href":"https:\/\/raulcecilio.com\/index.php\/wp-json\/wp\/v2\/pages"}],"about":[{"href":"https:\/\/raulcecilio.com\/index.php\/wp-json\/wp\/v2\/types\/page"}],"author":[{"embeddable":true,"href":"https:\/\/raulcecilio.com\/index.php\/wp-json\/wp\/v2\/users\/1"}],"replies":[{"embeddable":true,"href":"https:\/\/raulcecilio.com\/index.php\/wp-json\/wp\/v2\/comments?post=7175"}],"version-history":[{"count":4,"href":"https:\/\/raulcecilio.com\/index.php\/wp-json\/wp\/v2\/pages\/7175\/revisions"}],"predecessor-version":[{"id":7179,"href":"https:\/\/raulcecilio.com\/index.php\/wp-json\/wp\/v2\/pages\/7175\/revisions\/7179"}],"up":[{"embeddable":true,"href":"https:\/\/raulcecilio.com\/index.php\/wp-json\/wp\/v2\/pages\/6966"}],"wp:attachment":[{"href":"https:\/\/raulcecilio.com\/index.php\/wp-json\/wp\/v2\/media?parent=7175"}],"curies":[{"name":"wp","href":"https:\/\/api.w.org\/{rel}","templated":true}]}}