{"id":7183,"date":"2022-09-14T11:44:59","date_gmt":"2022-09-14T14:44:59","guid":{"rendered":"https:\/\/raulcecilio.com\/?page_id=7183"},"modified":"2022-09-14T11:46:19","modified_gmt":"2022-09-14T14:46:19","slug":"lumen-03-pt_br","status":"publish","type":"page","link":"https:\/\/raulcecilio.com\/index.php\/pt\/collections-pt_br\/lightining-manual-pt_br\/lumen\/lumen-03-pt_br\/","title":{"rendered":"Lumen 03 &#8211; pt_BR"},"content":{"rendered":"\t\t<div data-elementor-type=\"wp-page\" data-elementor-id=\"7183\" class=\"elementor elementor-7183\">\n\t\t\t\t\t\t\t\t\t<section class=\"elementor-section elementor-top-section elementor-element elementor-element-2712e4b elementor-section-boxed elementor-section-height-default elementor-section-height-default\" data-id=\"2712e4b\" data-element_type=\"section\">\n\t\t\t\t\t\t<div class=\"elementor-container elementor-column-gap-default\">\n\t\t\t\t\t<div class=\"elementor-column elementor-col-66 elementor-top-column elementor-element elementor-element-bce6f57\" data-id=\"bce6f57\" data-element_type=\"column\">\n\t\t\t<div class=\"elementor-widget-wrap elementor-element-populated\">\n\t\t\t\t\t\t\t\t<div class=\"elementor-element elementor-element-a271592 elementor-widget elementor-widget-image\" data-id=\"a271592\" data-element_type=\"widget\" data-widget_type=\"image.default\">\n\t\t\t\t<div class=\"elementor-widget-container\">\n\t\t\t\t\t\t\t\t\t\t\t\t\t\t\t\t<a href=\"http:\/\/raulcecilio.com\/wp-content\/uploads\/2022\/08\/Lumen-03-G.jpg\" data-elementor-open-lightbox=\"yes\" data-elementor-lightbox-title=\"Lumen 03\" data-e-action-hash=\"#elementor-action%3Aaction%3Dlightbox%26settings%3DeyJpZCI6NjA2NCwidXJsIjoiaHR0cHM6XC9cL3JhdWxjZWNpbGlvLmNvbVwvd3AtY29udGVudFwvdXBsb2Fkc1wvMjAyMlwvMDhcL0x1bWVuLTAzLUcuanBnIn0%3D\">\n\t\t\t\t\t\t\t<img decoding=\"async\" width=\"750\" height=\"355\" src=\"https:\/\/raulcecilio.com\/wp-content\/uploads\/2022\/08\/Lumen-03-G-1024x485.jpg\" class=\"attachment-large size-large wp-image-6064\" alt=\"\" srcset=\"https:\/\/raulcecilio.com\/wp-content\/uploads\/2022\/08\/Lumen-03-G-1024x485.jpg 1024w, https:\/\/raulcecilio.com\/wp-content\/uploads\/2022\/08\/Lumen-03-G-300x142.jpg 300w, https:\/\/raulcecilio.com\/wp-content\/uploads\/2022\/08\/Lumen-03-G-768x364.jpg 768w, https:\/\/raulcecilio.com\/wp-content\/uploads\/2022\/08\/Lumen-03-G.jpg 1500w\" sizes=\"(max-width: 750px) 100vw, 750px\" style=\"width:100%;height:47.4%;max-width:1500px\" \/>\t\t\t\t\t\t\t\t<\/a>\n\t\t\t\t\t\t\t\t\t\t\t\t\t\t\t<\/div>\n\t\t\t\t<\/div>\n\t\t\t\t\t<\/div>\n\t\t<\/div>\n\t\t\t\t<div class=\"elementor-column elementor-col-33 elementor-top-column elementor-element elementor-element-1a06890\" data-id=\"1a06890\" data-element_type=\"column\">\n\t\t\t<div class=\"elementor-widget-wrap elementor-element-populated\">\n\t\t\t\t\t\t\t\t<div class=\"elementor-element elementor-element-1f25060 elementor-widget elementor-widget-text-editor\" data-id=\"1f25060\" data-element_type=\"widget\" data-widget_type=\"text-editor.default\">\n\t\t\t\t<div class=\"elementor-widget-container\">\n\t\t\t\t\t\t\t<p>Lumen 03<\/p>\t\t\t\t\t\t<\/div>\n\t\t\t\t<\/div>\n\t\t\t\t<div class=\"elementor-element elementor-element-3f53a9f elementor-widget elementor-widget-text-editor\" data-id=\"3f53a9f\" data-element_type=\"widget\" data-widget_type=\"text-editor.default\">\n\t\t\t\t<div class=\"elementor-widget-container\">\n\t\t\t\t\t\t\t<p>Lumen 03, fevereiro de 2016, Raul Cecilio<\/p>\t\t\t\t\t\t<\/div>\n\t\t\t\t<\/div>\n\t\t\t\t<div class=\"elementor-element elementor-element-b7ee439 elementor-widget elementor-widget-text-editor\" data-id=\"b7ee439\" data-element_type=\"widget\" data-widget_type=\"text-editor.default\">\n\t\t\t\t<div class=\"elementor-widget-container\">\n\t\t\t\t\t\t\t<p>Tamanho 190 cm x 90 cm<\/p>\t\t\t\t\t\t<\/div>\n\t\t\t\t<\/div>\n\t\t\t\t<div class=\"elementor-element elementor-element-6bb14b0 elementor-widget elementor-widget-text-editor\" data-id=\"6bb14b0\" data-element_type=\"widget\" data-widget_type=\"text-editor.default\">\n\t\t\t\t<div class=\"elementor-widget-container\">\n\t\t\t\t\t\t\t<p>Composi\u00e7\u00e3o abstrata formada por 684 pe\u00e7as pintadas digitalmente. O conjunto das pe\u00e7as forma a composi\u00e7\u00e3o. Em uma escala de marrom.<\/p>\t\t\t\t\t\t<\/div>\n\t\t\t\t<\/div>\n\t\t\t\t<div class=\"elementor-element elementor-element-3a3f94b elementor-widget elementor-widget-text-editor\" data-id=\"3a3f94b\" data-element_type=\"widget\" data-widget_type=\"text-editor.default\">\n\t\t\t\t<div class=\"elementor-widget-container\">\n\t\t\t\t\t\t\t<p>Palavras-chave: arte moderna, arte contempor\u00e2nea, arte decorativa, impress\u00e3o na moldura, mosaico, abstrato, arte de parede, decora\u00e7\u00e3o de parede, decora\u00e7\u00e3o para sala, decora\u00e7\u00e3o para quarto, decora\u00e7\u00e3o para escrit\u00f3rio, decora\u00e7\u00e3o para entrada, pe\u00e7a de decora\u00e7\u00e3o, pe\u00e7a de arte, objeto de arte, trabalho de arte, pintura, composi\u00e7\u00e3o, impress\u00e3o, gravura, geom\u00e9trico, azulejo, lumen, raul cecilio<\/p>\t\t\t\t\t\t<\/div>\n\t\t\t\t<\/div>\n\t\t\t\t\t<\/div>\n\t\t<\/div>\n\t\t\t\t\t\t\t<\/div>\n\t\t<\/section>\n\t\t\t\t\t\t\t<\/div>\n\t\t","protected":false},"excerpt":{"rendered":"<p>Lumen 03 Lumen 03, fevereiro de 2016, Raul Cecilio Tamanho 190 cm x 90 cm Composi\u00e7\u00e3o abstrata formada por 684 pe\u00e7as pintadas digitalmente. O conjunto das pe\u00e7as forma a composi\u00e7\u00e3o. Em uma escala de marrom. Palavras-chave: arte moderna, arte contempor\u00e2nea, arte decorativa, impress\u00e3o na moldura, mosaico, abstrato, arte de parede, decora\u00e7\u00e3o de parede, decora\u00e7\u00e3o para&hellip; <a class=\"more-link\" href=\"https:\/\/raulcecilio.com\/index.php\/pt\/collections-pt_br\/lightining-manual-pt_br\/lumen\/lumen-03-pt_br\/\">Continuar lendo <span class=\"screen-reader-text\">Lumen 03 &#8211; pt_BR<\/span><\/a><\/p>\n","protected":false},"author":1,"featured_media":0,"parent":6966,"menu_order":3,"comment_status":"closed","ping_status":"closed","template":"elementor_canvas","meta":[],"_links":{"self":[{"href":"https:\/\/raulcecilio.com\/index.php\/wp-json\/wp\/v2\/pages\/7183"}],"collection":[{"href":"https:\/\/raulcecilio.com\/index.php\/wp-json\/wp\/v2\/pages"}],"about":[{"href":"https:\/\/raulcecilio.com\/index.php\/wp-json\/wp\/v2\/types\/page"}],"author":[{"embeddable":true,"href":"https:\/\/raulcecilio.com\/index.php\/wp-json\/wp\/v2\/users\/1"}],"replies":[{"embeddable":true,"href":"https:\/\/raulcecilio.com\/index.php\/wp-json\/wp\/v2\/comments?post=7183"}],"version-history":[{"count":4,"href":"https:\/\/raulcecilio.com\/index.php\/wp-json\/wp\/v2\/pages\/7183\/revisions"}],"predecessor-version":[{"id":7187,"href":"https:\/\/raulcecilio.com\/index.php\/wp-json\/wp\/v2\/pages\/7183\/revisions\/7187"}],"up":[{"embeddable":true,"href":"https:\/\/raulcecilio.com\/index.php\/wp-json\/wp\/v2\/pages\/6966"}],"wp:attachment":[{"href":"https:\/\/raulcecilio.com\/index.php\/wp-json\/wp\/v2\/media?parent=7183"}],"curies":[{"name":"wp","href":"https:\/\/api.w.org\/{rel}","templated":true}]}}