{"id":7230,"date":"2022-09-14T16:55:45","date_gmt":"2022-09-14T19:55:45","guid":{"rendered":"https:\/\/raulcecilio.com\/?page_id=7230"},"modified":"2022-09-14T16:56:45","modified_gmt":"2022-09-14T19:56:45","slug":"lux-01-pt_br","status":"publish","type":"page","link":"https:\/\/raulcecilio.com\/index.php\/pt\/collections-pt_br\/lightining-manual-pt_br\/lux-pt_br\/lux-01-pt_br\/","title":{"rendered":"Lux 01 &#8211; pt_BR"},"content":{"rendered":"\t\t<div data-elementor-type=\"wp-page\" data-elementor-id=\"7230\" class=\"elementor elementor-7230\">\n\t\t\t\t\t\t\t\t\t<section class=\"elementor-section elementor-top-section elementor-element elementor-element-d183533 elementor-section-boxed elementor-section-height-default elementor-section-height-default\" data-id=\"d183533\" data-element_type=\"section\">\n\t\t\t\t\t\t<div class=\"elementor-container elementor-column-gap-default\">\n\t\t\t\t\t<div class=\"elementor-column elementor-col-66 elementor-top-column elementor-element elementor-element-a3acb05\" data-id=\"a3acb05\" data-element_type=\"column\">\n\t\t\t<div class=\"elementor-widget-wrap elementor-element-populated\">\n\t\t\t\t\t\t\t\t<div class=\"elementor-element elementor-element-cf6841a elementor-widget elementor-widget-image\" data-id=\"cf6841a\" data-element_type=\"widget\" data-widget_type=\"image.default\">\n\t\t\t\t<div class=\"elementor-widget-container\">\n\t\t\t\t\t\t\t\t\t\t\t\t\t\t\t\t<a href=\"http:\/\/raulcecilio.com\/wp-content\/uploads\/2022\/08\/Lux-01-G.jpg\" data-elementor-open-lightbox=\"yes\" data-elementor-lightbox-title=\"Lux 01\" data-e-action-hash=\"#elementor-action%3Aaction%3Dlightbox%26settings%3DeyJpZCI6NjQyMiwidXJsIjoiaHR0cHM6XC9cL3JhdWxjZWNpbGlvLmNvbVwvd3AtY29udGVudFwvdXBsb2Fkc1wvMjAyMlwvMDhcL0x1eC0wMS1HLmpwZyJ9\">\n\t\t\t\t\t\t\t<img decoding=\"async\" width=\"750\" height=\"750\" src=\"https:\/\/raulcecilio.com\/wp-content\/uploads\/2022\/08\/Lux-01-G.jpg\" class=\"attachment-large size-large wp-image-6422\" alt=\"\" srcset=\"https:\/\/raulcecilio.com\/wp-content\/uploads\/2022\/08\/Lux-01-G.jpg 900w, https:\/\/raulcecilio.com\/wp-content\/uploads\/2022\/08\/Lux-01-G-300x300.jpg 300w, https:\/\/raulcecilio.com\/wp-content\/uploads\/2022\/08\/Lux-01-G-150x150.jpg 150w, https:\/\/raulcecilio.com\/wp-content\/uploads\/2022\/08\/Lux-01-G-768x768.jpg 768w\" sizes=\"(max-width: 750px) 100vw, 750px\" style=\"width:100%;height:100%;max-width:900px\" \/>\t\t\t\t\t\t\t\t<\/a>\n\t\t\t\t\t\t\t\t\t\t\t\t\t\t\t<\/div>\n\t\t\t\t<\/div>\n\t\t\t\t\t<\/div>\n\t\t<\/div>\n\t\t\t\t<div class=\"elementor-column elementor-col-33 elementor-top-column elementor-element elementor-element-dd3e6f5\" data-id=\"dd3e6f5\" data-element_type=\"column\">\n\t\t\t<div class=\"elementor-widget-wrap elementor-element-populated\">\n\t\t\t\t\t\t\t\t<div class=\"elementor-element elementor-element-6e4054f elementor-widget elementor-widget-text-editor\" data-id=\"6e4054f\" data-element_type=\"widget\" data-widget_type=\"text-editor.default\">\n\t\t\t\t<div class=\"elementor-widget-container\">\n\t\t\t\t\t\t\t<p>Lux 01<\/p>\t\t\t\t\t\t<\/div>\n\t\t\t\t<\/div>\n\t\t\t\t<div class=\"elementor-element elementor-element-1415a80 elementor-widget elementor-widget-text-editor\" data-id=\"1415a80\" data-element_type=\"widget\" data-widget_type=\"text-editor.default\">\n\t\t\t\t<div class=\"elementor-widget-container\">\n\t\t\t\t\t\t\t<p>Lux 01, maio de 2015, Raul Cecilio<\/p>\t\t\t\t\t\t<\/div>\n\t\t\t\t<\/div>\n\t\t\t\t<div class=\"elementor-element elementor-element-fd36f50 elementor-widget elementor-widget-text-editor\" data-id=\"fd36f50\" data-element_type=\"widget\" data-widget_type=\"text-editor.default\">\n\t\t\t\t<div class=\"elementor-widget-container\">\n\t\t\t\t\t\t\t<p>Tamanho 93 cm x 93 cm<\/p>\t\t\t\t\t\t<\/div>\n\t\t\t\t<\/div>\n\t\t\t\t<div class=\"elementor-element elementor-element-81c7b57 elementor-widget elementor-widget-text-editor\" data-id=\"81c7b57\" data-element_type=\"widget\" data-widget_type=\"text-editor.default\">\n\t\t\t\t<div class=\"elementor-widget-container\">\n\t\t\t\t\t\t\t<p>Composi\u00e7\u00e3o abstrata formada por 961 pe\u00e7as pintadas digitalmente. O conjunto das pe\u00e7as forma a composi\u00e7\u00e3o. Na cor azul.<\/p>\t\t\t\t\t\t<\/div>\n\t\t\t\t<\/div>\n\t\t\t\t<div class=\"elementor-element elementor-element-5c0cfbe elementor-widget elementor-widget-text-editor\" data-id=\"5c0cfbe\" data-element_type=\"widget\" data-widget_type=\"text-editor.default\">\n\t\t\t\t<div class=\"elementor-widget-container\">\n\t\t\t\t\t\t\t<p>Palavras-chave: arte moderna, arte contempor\u00e2nea, arte decorativa, impress\u00e3o na moldura, mosaico, abstrato, arte de parede, decora\u00e7\u00e3o de parede, decora\u00e7\u00e3o para sala, decora\u00e7\u00e3o para quarto, decora\u00e7\u00e3o para escrit\u00f3rio, decora\u00e7\u00e3o para entrada, pe\u00e7a de decora\u00e7\u00e3o, pe\u00e7a de arte, objeto de arte, trabalho de arte, pintura, composi\u00e7\u00e3o, impress\u00e3o, gravura, geom\u00e9trico, azulejo, lux, raul cecilio<\/p>\t\t\t\t\t\t<\/div>\n\t\t\t\t<\/div>\n\t\t\t\t\t<\/div>\n\t\t<\/div>\n\t\t\t\t\t\t\t<\/div>\n\t\t<\/section>\n\t\t\t\t\t\t\t<\/div>\n\t\t","protected":false},"excerpt":{"rendered":"<p>Lux 01 Lux 01, maio de 2015, Raul Cecilio Tamanho 93 cm x 93 cm Composi\u00e7\u00e3o abstrata formada por 961 pe\u00e7as pintadas digitalmente. O conjunto das pe\u00e7as forma a composi\u00e7\u00e3o. Na cor azul. Palavras-chave: arte moderna, arte contempor\u00e2nea, arte decorativa, impress\u00e3o na moldura, mosaico, abstrato, arte de parede, decora\u00e7\u00e3o de parede, decora\u00e7\u00e3o para sala, decora\u00e7\u00e3o&hellip; <a class=\"more-link\" href=\"https:\/\/raulcecilio.com\/index.php\/pt\/collections-pt_br\/lightining-manual-pt_br\/lux-pt_br\/lux-01-pt_br\/\">Continuar lendo <span class=\"screen-reader-text\">Lux 01 &#8211; pt_BR<\/span><\/a><\/p>\n","protected":false},"author":1,"featured_media":0,"parent":6971,"menu_order":3,"comment_status":"closed","ping_status":"closed","template":"elementor_canvas","meta":[],"_links":{"self":[{"href":"https:\/\/raulcecilio.com\/index.php\/wp-json\/wp\/v2\/pages\/7230"}],"collection":[{"href":"https:\/\/raulcecilio.com\/index.php\/wp-json\/wp\/v2\/pages"}],"about":[{"href":"https:\/\/raulcecilio.com\/index.php\/wp-json\/wp\/v2\/types\/page"}],"author":[{"embeddable":true,"href":"https:\/\/raulcecilio.com\/index.php\/wp-json\/wp\/v2\/users\/1"}],"replies":[{"embeddable":true,"href":"https:\/\/raulcecilio.com\/index.php\/wp-json\/wp\/v2\/comments?post=7230"}],"version-history":[{"count":4,"href":"https:\/\/raulcecilio.com\/index.php\/wp-json\/wp\/v2\/pages\/7230\/revisions"}],"predecessor-version":[{"id":7234,"href":"https:\/\/raulcecilio.com\/index.php\/wp-json\/wp\/v2\/pages\/7230\/revisions\/7234"}],"up":[{"embeddable":true,"href":"https:\/\/raulcecilio.com\/index.php\/wp-json\/wp\/v2\/pages\/6971"}],"wp:attachment":[{"href":"https:\/\/raulcecilio.com\/index.php\/wp-json\/wp\/v2\/media?parent=7230"}],"curies":[{"name":"wp","href":"https:\/\/api.w.org\/{rel}","templated":true}]}}