{"id":7313,"date":"2022-09-16T17:13:00","date_gmt":"2022-09-16T20:13:00","guid":{"rendered":"https:\/\/raulcecilio.com\/?page_id=7313"},"modified":"2022-09-16T17:14:16","modified_gmt":"2022-09-16T20:14:16","slug":"composition-in-gray-gradient-03-pt_br","status":"publish","type":"page","link":"https:\/\/raulcecilio.com\/index.php\/pt\/collections-pt_br\/lightining-manual-pt_br\/compositions-in-gray-gradient-pt_br\/composition-in-gray-gradient-03-pt_br\/","title":{"rendered":"Composition in gray gradient 03 &#8211; pt_BR"},"content":{"rendered":"\t\t<div data-elementor-type=\"wp-page\" data-elementor-id=\"7313\" class=\"elementor elementor-7313\">\n\t\t\t\t\t\t\t\t\t<section class=\"elementor-section elementor-top-section elementor-element elementor-element-d912fa1 elementor-section-boxed elementor-section-height-default elementor-section-height-default\" data-id=\"d912fa1\" data-element_type=\"section\">\n\t\t\t\t\t\t<div class=\"elementor-container elementor-column-gap-default\">\n\t\t\t\t\t<div class=\"elementor-column elementor-col-66 elementor-top-column elementor-element elementor-element-69dbdb3\" data-id=\"69dbdb3\" data-element_type=\"column\">\n\t\t\t<div class=\"elementor-widget-wrap elementor-element-populated\">\n\t\t\t\t\t\t\t\t<div class=\"elementor-element elementor-element-544949e elementor-widget elementor-widget-image\" data-id=\"544949e\" data-element_type=\"widget\" data-widget_type=\"image.default\">\n\t\t\t\t<div class=\"elementor-widget-container\">\n\t\t\t\t\t\t\t\t\t\t\t\t\t\t\t\t<a href=\"http:\/\/raulcecilio.com\/wp-content\/uploads\/2022\/09\/Composition-in-gray-gradient-03-G.jpg\" data-elementor-open-lightbox=\"yes\" data-elementor-lightbox-title=\"Composition in gray gradient 03\" data-e-action-hash=\"#elementor-action%3Aaction%3Dlightbox%26settings%3DeyJpZCI6NzAzMiwidXJsIjoiaHR0cHM6XC9cL3JhdWxjZWNpbGlvLmNvbVwvd3AtY29udGVudFwvdXBsb2Fkc1wvMjAyMlwvMDlcL0NvbXBvc2l0aW9uLWluLWdyYXktZ3JhZGllbnQtMDMtRy5qcGcifQ%3D%3D\">\n\t\t\t\t\t\t\t<img decoding=\"async\" width=\"750\" height=\"750\" src=\"https:\/\/raulcecilio.com\/wp-content\/uploads\/2022\/09\/Composition-in-gray-gradient-03-G.jpg\" class=\"attachment-large size-large wp-image-7032\" alt=\"\" srcset=\"https:\/\/raulcecilio.com\/wp-content\/uploads\/2022\/09\/Composition-in-gray-gradient-03-G.jpg 1000w, https:\/\/raulcecilio.com\/wp-content\/uploads\/2022\/09\/Composition-in-gray-gradient-03-G-300x300.jpg 300w, https:\/\/raulcecilio.com\/wp-content\/uploads\/2022\/09\/Composition-in-gray-gradient-03-G-150x150.jpg 150w, https:\/\/raulcecilio.com\/wp-content\/uploads\/2022\/09\/Composition-in-gray-gradient-03-G-768x768.jpg 768w\" sizes=\"(max-width: 750px) 100vw, 750px\" style=\"width:100%;height:100%;max-width:1000px\" \/>\t\t\t\t\t\t\t\t<\/a>\n\t\t\t\t\t\t\t\t\t\t\t\t\t\t\t<\/div>\n\t\t\t\t<\/div>\n\t\t\t\t\t<\/div>\n\t\t<\/div>\n\t\t\t\t<div class=\"elementor-column elementor-col-33 elementor-top-column elementor-element elementor-element-5a5eadb\" data-id=\"5a5eadb\" data-element_type=\"column\">\n\t\t\t<div class=\"elementor-widget-wrap elementor-element-populated\">\n\t\t\t\t\t\t\t\t<div class=\"elementor-element elementor-element-8d2ce6a elementor-widget elementor-widget-text-editor\" data-id=\"8d2ce6a\" data-element_type=\"widget\" data-widget_type=\"text-editor.default\">\n\t\t\t\t<div class=\"elementor-widget-container\">\n\t\t\t\t\t\t\t<p>Composition in gray gradient 03<\/p>\t\t\t\t\t\t<\/div>\n\t\t\t\t<\/div>\n\t\t\t\t<div class=\"elementor-element elementor-element-0140f4d elementor-widget elementor-widget-text-editor\" data-id=\"0140f4d\" data-element_type=\"widget\" data-widget_type=\"text-editor.default\">\n\t\t\t\t<div class=\"elementor-widget-container\">\n\t\t\t\t\t\t\t<p>Composition in gray gradient 03, agosto de 2022, Raul Cecilio<\/p>\t\t\t\t\t\t<\/div>\n\t\t\t\t<\/div>\n\t\t\t\t<div class=\"elementor-element elementor-element-0450522 elementor-widget elementor-widget-text-editor\" data-id=\"0450522\" data-element_type=\"widget\" data-widget_type=\"text-editor.default\">\n\t\t\t\t<div class=\"elementor-widget-container\">\n\t\t\t\t\t\t\t<p>Tamanho 120 cm x 120 cm<\/p>\t\t\t\t\t\t<\/div>\n\t\t\t\t<\/div>\n\t\t\t\t<div class=\"elementor-element elementor-element-0a639b0 elementor-widget elementor-widget-text-editor\" data-id=\"0a639b0\" data-element_type=\"widget\" data-widget_type=\"text-editor.default\">\n\t\t\t\t<div class=\"elementor-widget-container\">\n\t\t\t\t\t\t\t<p>Composi\u00e7\u00e3o abstrata formada por 900 pe\u00e7as pintadas digitalmente. O conjunto das pe\u00e7as forma a composi\u00e7\u00e3o. Em uma escala de cinza.<\/p>\t\t\t\t\t\t<\/div>\n\t\t\t\t<\/div>\n\t\t\t\t<div class=\"elementor-element elementor-element-0dbfe81 elementor-widget elementor-widget-text-editor\" data-id=\"0dbfe81\" data-element_type=\"widget\" data-widget_type=\"text-editor.default\">\n\t\t\t\t<div class=\"elementor-widget-container\">\n\t\t\t\t\t\t\t<p>Palavras-chave: arte moderna, arte contempor\u00e2nea, arte decorativa, gravura emoldurada, mosaico, abstrato, arte de parede, decora\u00e7\u00e3o para sala, decora\u00e7\u00e3o para quarto, decora\u00e7\u00e3o para escrit\u00f3rio, decora\u00e7\u00e3o para recep\u00e7\u00e3o, objeto de decora\u00e7\u00e3o, objeto de arte, pe\u00e7a de decora\u00e7\u00e3o, pintura, composi\u00e7\u00e3o abstrata, impress\u00e3o, gravura, geom\u00e9trico, pe\u00e7as, azulejo, pastilha, escala de cinza, raul cecilio<\/p>\t\t\t\t\t\t<\/div>\n\t\t\t\t<\/div>\n\t\t\t\t\t<\/div>\n\t\t<\/div>\n\t\t\t\t\t\t\t<\/div>\n\t\t<\/section>\n\t\t\t\t\t\t\t<\/div>\n\t\t","protected":false},"excerpt":{"rendered":"<p>Composition in gray gradient 03 Composition in gray gradient 03, agosto de 2022, Raul Cecilio Tamanho 120 cm x 120 cm Composi\u00e7\u00e3o abstrata formada por 900 pe\u00e7as pintadas digitalmente. O conjunto das pe\u00e7as forma a composi\u00e7\u00e3o. Em uma escala de cinza. Palavras-chave: arte moderna, arte contempor\u00e2nea, arte decorativa, gravura emoldurada, mosaico, abstrato, arte de parede,&hellip; <a class=\"more-link\" href=\"https:\/\/raulcecilio.com\/index.php\/pt\/collections-pt_br\/lightining-manual-pt_br\/compositions-in-gray-gradient-pt_br\/composition-in-gray-gradient-03-pt_br\/\">Continuar lendo <span class=\"screen-reader-text\">Composition in gray gradient 03 &#8211; pt_BR<\/span><\/a><\/p>\n","protected":false},"author":1,"featured_media":0,"parent":6975,"menu_order":3,"comment_status":"closed","ping_status":"closed","template":"elementor_canvas","meta":[],"_links":{"self":[{"href":"https:\/\/raulcecilio.com\/index.php\/wp-json\/wp\/v2\/pages\/7313"}],"collection":[{"href":"https:\/\/raulcecilio.com\/index.php\/wp-json\/wp\/v2\/pages"}],"about":[{"href":"https:\/\/raulcecilio.com\/index.php\/wp-json\/wp\/v2\/types\/page"}],"author":[{"embeddable":true,"href":"https:\/\/raulcecilio.com\/index.php\/wp-json\/wp\/v2\/users\/1"}],"replies":[{"embeddable":true,"href":"https:\/\/raulcecilio.com\/index.php\/wp-json\/wp\/v2\/comments?post=7313"}],"version-history":[{"count":4,"href":"https:\/\/raulcecilio.com\/index.php\/wp-json\/wp\/v2\/pages\/7313\/revisions"}],"predecessor-version":[{"id":7317,"href":"https:\/\/raulcecilio.com\/index.php\/wp-json\/wp\/v2\/pages\/7313\/revisions\/7317"}],"up":[{"embeddable":true,"href":"https:\/\/raulcecilio.com\/index.php\/wp-json\/wp\/v2\/pages\/6975"}],"wp:attachment":[{"href":"https:\/\/raulcecilio.com\/index.php\/wp-json\/wp\/v2\/media?parent=7313"}],"curies":[{"name":"wp","href":"https:\/\/api.w.org\/{rel}","templated":true}]}}