{"id":7505,"date":"2022-10-21T22:14:24","date_gmt":"2022-10-22T01:14:24","guid":{"rendered":"https:\/\/raulcecilio.com\/?page_id=7505"},"modified":"2022-10-21T22:24:17","modified_gmt":"2022-10-22T01:24:17","slug":"duvet-01-pt_br","status":"publish","type":"page","link":"https:\/\/raulcecilio.com\/index.php\/pt\/collections-pt_br\/ark-pieces-pt_br\/1st-chest-pt_br\/duvets-pt_br\/duvet-01-pt_br\/","title":{"rendered":"Duvet 01 &#8211; pt_BR"},"content":{"rendered":"\t\t<div data-elementor-type=\"wp-page\" data-elementor-id=\"7505\" class=\"elementor elementor-7505\">\n\t\t\t\t\t\t\t\t\t<section class=\"elementor-section elementor-top-section elementor-element elementor-element-ea23798 elementor-section-boxed elementor-section-height-default elementor-section-height-default\" data-id=\"ea23798\" data-element_type=\"section\">\n\t\t\t\t\t\t<div class=\"elementor-container elementor-column-gap-default\">\n\t\t\t\t\t<div class=\"elementor-column elementor-col-66 elementor-top-column elementor-element elementor-element-5389791\" data-id=\"5389791\" data-element_type=\"column\">\n\t\t\t<div class=\"elementor-widget-wrap elementor-element-populated\">\n\t\t\t\t\t\t\t\t<div class=\"elementor-element elementor-element-e06908c elementor-widget elementor-widget-image\" data-id=\"e06908c\" data-element_type=\"widget\" data-widget_type=\"image.default\">\n\t\t\t\t<div class=\"elementor-widget-container\">\n\t\t\t\t\t\t\t\t\t\t\t\t\t\t\t\t<a href=\"http:\/\/raulcecilio.com\/wp-content\/uploads\/2022\/08\/Duvet-01-G.jpg\" data-elementor-open-lightbox=\"yes\" data-elementor-lightbox-title=\"Duvet 01\" data-e-action-hash=\"#elementor-action%3Aaction%3Dlightbox%26settings%3DeyJpZCI6NTg0NCwidXJsIjoiaHR0cHM6XC9cL3JhdWxjZWNpbGlvLmNvbVwvd3AtY29udGVudFwvdXBsb2Fkc1wvMjAyMlwvMDhcL0R1dmV0LTAxLUcuanBnIn0%3D\">\n\t\t\t\t\t\t\t<img decoding=\"async\" width=\"465\" height=\"1024\" src=\"https:\/\/raulcecilio.com\/wp-content\/uploads\/2022\/08\/Duvet-01-G-465x1024.jpg\" class=\"attachment-large size-large wp-image-5844\" alt=\"\" srcset=\"https:\/\/raulcecilio.com\/wp-content\/uploads\/2022\/08\/Duvet-01-G-465x1024.jpg 465w, https:\/\/raulcecilio.com\/wp-content\/uploads\/2022\/08\/Duvet-01-G-136x300.jpg 136w, https:\/\/raulcecilio.com\/wp-content\/uploads\/2022\/08\/Duvet-01-G-768x1690.jpg 768w, https:\/\/raulcecilio.com\/wp-content\/uploads\/2022\/08\/Duvet-01-G-698x1536.jpg 698w, https:\/\/raulcecilio.com\/wp-content\/uploads\/2022\/08\/Duvet-01-G.jpg 840w\" sizes=\"(max-width: 465px) 100vw, 465px\" style=\"width:100%;height:220%;max-width:840px\" \/>\t\t\t\t\t\t\t\t<\/a>\n\t\t\t\t\t\t\t\t\t\t\t\t\t\t\t<\/div>\n\t\t\t\t<\/div>\n\t\t\t\t\t<\/div>\n\t\t<\/div>\n\t\t\t\t<div class=\"elementor-column elementor-col-33 elementor-top-column elementor-element elementor-element-ad40dc2\" data-id=\"ad40dc2\" data-element_type=\"column\">\n\t\t\t<div class=\"elementor-widget-wrap elementor-element-populated\">\n\t\t\t\t\t\t\t\t<div class=\"elementor-element elementor-element-9e796df elementor-widget elementor-widget-text-editor\" data-id=\"9e796df\" data-element_type=\"widget\" data-widget_type=\"text-editor.default\">\n\t\t\t\t<div class=\"elementor-widget-container\">\n\t\t\t\t\t\t\t<p>Duvet 01<\/p>\t\t\t\t\t\t<\/div>\n\t\t\t\t<\/div>\n\t\t\t\t<div class=\"elementor-element elementor-element-e2e0dd7 elementor-widget elementor-widget-text-editor\" data-id=\"e2e0dd7\" data-element_type=\"widget\" data-widget_type=\"text-editor.default\">\n\t\t\t\t<div class=\"elementor-widget-container\">\n\t\t\t\t\t\t\t<p>Duvet 01, agosto de 2018, Raul Cecilio<\/p>\t\t\t\t\t\t<\/div>\n\t\t\t\t<\/div>\n\t\t\t\t<div class=\"elementor-element elementor-element-841a812 elementor-widget elementor-widget-text-editor\" data-id=\"841a812\" data-element_type=\"widget\" data-widget_type=\"text-editor.default\">\n\t\t\t\t<div class=\"elementor-widget-container\">\n\t\t\t\t\t\t\t<p>Tamanho 44 x 20 cm<\/p>\t\t\t\t\t\t<\/div>\n\t\t\t\t<\/div>\n\t\t\t\t<div class=\"elementor-element elementor-element-c91f484 elementor-widget elementor-widget-text-editor\" data-id=\"c91f484\" data-element_type=\"widget\" data-widget_type=\"text-editor.default\">\n\t\t\t\t<div class=\"elementor-widget-container\">\n\t\t\t\t\t\t\t<p>Composi\u00e7\u00e3o abstrata formada por 55 pe\u00e7as pintadas digitalmente. O conjunto das pe\u00e7as forma o edredon. Cont\u00e9m uma variedade de cores.<\/p>\t\t\t\t\t\t<\/div>\n\t\t\t\t<\/div>\n\t\t\t\t<div class=\"elementor-element elementor-element-13e0261 elementor-widget elementor-widget-text-editor\" data-id=\"13e0261\" data-element_type=\"widget\" data-widget_type=\"text-editor.default\">\n\t\t\t\t<div class=\"elementor-widget-container\">\n\t\t\t\t\t\t\t<p>Palavras-chave: arte moderna, arte contempor\u00e2nea, arte decorativa, gravura emoldurada, mosaico, abstrato, arte de parede, decora\u00e7\u00e3o para sala, decora\u00e7\u00e3o para quarto, decora\u00e7\u00e3o para escrit\u00f3rio, decora\u00e7\u00e3o para recep\u00e7\u00e3o, objeto de decora\u00e7\u00e3o, objeto de arte, pe\u00e7a de decora\u00e7\u00e3o, pintura, edredon, composi\u00e7\u00e3o abstrata, impress\u00e3o, gravura, geom\u00e9trico, pe\u00e7as, azulejo, pastilha, colorido, edredon, raul cecilio<\/p>\t\t\t\t\t\t<\/div>\n\t\t\t\t<\/div>\n\t\t\t\t\t<\/div>\n\t\t<\/div>\n\t\t\t\t\t\t\t<\/div>\n\t\t<\/section>\n\t\t\t\t\t\t\t<\/div>\n\t\t","protected":false},"excerpt":{"rendered":"<p>Duvet 01 Duvet 01, agosto de 2018, Raul Cecilio Tamanho 44 x 20 cm Composi\u00e7\u00e3o abstrata formada por 55 pe\u00e7as pintadas digitalmente. O conjunto das pe\u00e7as forma o edredon. Cont\u00e9m uma variedade de cores. Palavras-chave: arte moderna, arte contempor\u00e2nea, arte decorativa, gravura emoldurada, mosaico, abstrato, arte de parede, decora\u00e7\u00e3o para sala, decora\u00e7\u00e3o para quarto, decora\u00e7\u00e3o&hellip; <a class=\"more-link\" href=\"https:\/\/raulcecilio.com\/index.php\/pt\/collections-pt_br\/ark-pieces-pt_br\/1st-chest-pt_br\/duvets-pt_br\/duvet-01-pt_br\/\">Continuar lendo <span class=\"screen-reader-text\">Duvet 01 &#8211; pt_BR<\/span><\/a><\/p>\n","protected":false},"author":1,"featured_media":0,"parent":7364,"menu_order":4,"comment_status":"closed","ping_status":"closed","template":"elementor_canvas","meta":[],"_links":{"self":[{"href":"https:\/\/raulcecilio.com\/index.php\/wp-json\/wp\/v2\/pages\/7505"}],"collection":[{"href":"https:\/\/raulcecilio.com\/index.php\/wp-json\/wp\/v2\/pages"}],"about":[{"href":"https:\/\/raulcecilio.com\/index.php\/wp-json\/wp\/v2\/types\/page"}],"author":[{"embeddable":true,"href":"https:\/\/raulcecilio.com\/index.php\/wp-json\/wp\/v2\/users\/1"}],"replies":[{"embeddable":true,"href":"https:\/\/raulcecilio.com\/index.php\/wp-json\/wp\/v2\/comments?post=7505"}],"version-history":[{"count":7,"href":"https:\/\/raulcecilio.com\/index.php\/wp-json\/wp\/v2\/pages\/7505\/revisions"}],"predecessor-version":[{"id":7520,"href":"https:\/\/raulcecilio.com\/index.php\/wp-json\/wp\/v2\/pages\/7505\/revisions\/7520"}],"up":[{"embeddable":true,"href":"https:\/\/raulcecilio.com\/index.php\/wp-json\/wp\/v2\/pages\/7364"}],"wp:attachment":[{"href":"https:\/\/raulcecilio.com\/index.php\/wp-json\/wp\/v2\/media?parent=7505"}],"curies":[{"name":"wp","href":"https:\/\/api.w.org\/{rel}","templated":true}]}}