{"id":7532,"date":"2022-10-21T22:29:10","date_gmt":"2022-10-22T01:29:10","guid":{"rendered":"https:\/\/raulcecilio.com\/?page_id=7532"},"modified":"2022-10-21T22:30:13","modified_gmt":"2022-10-22T01:30:13","slug":"duvet-04-pt_br","status":"publish","type":"page","link":"https:\/\/raulcecilio.com\/index.php\/pt\/collections-pt_br\/ark-pieces-pt_br\/1st-chest-pt_br\/duvets-pt_br\/duvet-04-pt_br\/","title":{"rendered":"Duvet 04 &#8211; pt_BR"},"content":{"rendered":"\t\t<div data-elementor-type=\"wp-page\" data-elementor-id=\"7532\" class=\"elementor elementor-7532\">\n\t\t\t\t\t\t\t\t\t<section class=\"elementor-section elementor-top-section elementor-element elementor-element-0fca0a0 elementor-section-boxed elementor-section-height-default elementor-section-height-default\" data-id=\"0fca0a0\" data-element_type=\"section\">\n\t\t\t\t\t\t<div class=\"elementor-container elementor-column-gap-default\">\n\t\t\t\t\t<div class=\"elementor-column elementor-col-66 elementor-top-column elementor-element elementor-element-c6980bd\" data-id=\"c6980bd\" data-element_type=\"column\">\n\t\t\t<div class=\"elementor-widget-wrap elementor-element-populated\">\n\t\t\t\t\t\t\t\t<div class=\"elementor-element elementor-element-94d3a25 elementor-widget elementor-widget-image\" data-id=\"94d3a25\" data-element_type=\"widget\" data-widget_type=\"image.default\">\n\t\t\t\t<div class=\"elementor-widget-container\">\n\t\t\t\t\t\t\t\t\t\t\t\t\t\t\t\t<a href=\"http:\/\/raulcecilio.com\/wp-content\/uploads\/2022\/08\/Duvet-04-G.jpg\" data-elementor-open-lightbox=\"yes\" data-elementor-lightbox-title=\"Duvet 04\" data-e-action-hash=\"#elementor-action%3Aaction%3Dlightbox%26settings%3DeyJpZCI6NTg1OSwidXJsIjoiaHR0cHM6XC9cL3JhdWxjZWNpbGlvLmNvbVwvd3AtY29udGVudFwvdXBsb2Fkc1wvMjAyMlwvMDhcL0R1dmV0LTA0LUcuanBnIn0%3D\">\n\t\t\t\t\t\t\t<img decoding=\"async\" width=\"465\" height=\"1024\" src=\"https:\/\/raulcecilio.com\/wp-content\/uploads\/2022\/08\/Duvet-04-G-465x1024.jpg\" class=\"attachment-large size-large wp-image-5859\" alt=\"\" srcset=\"https:\/\/raulcecilio.com\/wp-content\/uploads\/2022\/08\/Duvet-04-G-465x1024.jpg 465w, https:\/\/raulcecilio.com\/wp-content\/uploads\/2022\/08\/Duvet-04-G-136x300.jpg 136w, https:\/\/raulcecilio.com\/wp-content\/uploads\/2022\/08\/Duvet-04-G-768x1690.jpg 768w, https:\/\/raulcecilio.com\/wp-content\/uploads\/2022\/08\/Duvet-04-G-698x1536.jpg 698w, https:\/\/raulcecilio.com\/wp-content\/uploads\/2022\/08\/Duvet-04-G.jpg 850w\" sizes=\"(max-width: 465px) 100vw, 465px\" style=\"width:100%;height:220%;max-width:850px\" \/>\t\t\t\t\t\t\t\t<\/a>\n\t\t\t\t\t\t\t\t\t\t\t\t\t\t\t<\/div>\n\t\t\t\t<\/div>\n\t\t\t\t\t<\/div>\n\t\t<\/div>\n\t\t\t\t<div class=\"elementor-column elementor-col-33 elementor-top-column elementor-element elementor-element-6d4b054\" data-id=\"6d4b054\" data-element_type=\"column\">\n\t\t\t<div class=\"elementor-widget-wrap elementor-element-populated\">\n\t\t\t\t\t\t\t\t<div class=\"elementor-element elementor-element-6d7a651 elementor-widget elementor-widget-text-editor\" data-id=\"6d7a651\" data-element_type=\"widget\" data-widget_type=\"text-editor.default\">\n\t\t\t\t<div class=\"elementor-widget-container\">\n\t\t\t\t\t\t\t<p>Duvet 04<\/p>\t\t\t\t\t\t<\/div>\n\t\t\t\t<\/div>\n\t\t\t\t<div class=\"elementor-element elementor-element-d0d9c45 elementor-widget elementor-widget-text-editor\" data-id=\"d0d9c45\" data-element_type=\"widget\" data-widget_type=\"text-editor.default\">\n\t\t\t\t<div class=\"elementor-widget-container\">\n\t\t\t\t\t\t\t<p>Duvet 04, agosto de 2018, Raul Cecilio<\/p>\t\t\t\t\t\t<\/div>\n\t\t\t\t<\/div>\n\t\t\t\t<div class=\"elementor-element elementor-element-5088742 elementor-widget elementor-widget-text-editor\" data-id=\"5088742\" data-element_type=\"widget\" data-widget_type=\"text-editor.default\">\n\t\t\t\t<div class=\"elementor-widget-container\">\n\t\t\t\t\t\t\t<p>Tamanho 44 x 20 cm<\/p>\t\t\t\t\t\t<\/div>\n\t\t\t\t<\/div>\n\t\t\t\t<div class=\"elementor-element elementor-element-bd03f06 elementor-widget elementor-widget-text-editor\" data-id=\"bd03f06\" data-element_type=\"widget\" data-widget_type=\"text-editor.default\">\n\t\t\t\t<div class=\"elementor-widget-container\">\n\t\t\t\t\t\t\t<p>Composi\u00e7\u00e3o abstrata formada por 55 pe\u00e7as pintadas digitalmente. O conjunto das pe\u00e7as forma o edredon. Cont\u00e9m uma variedade de cores.<\/p>\t\t\t\t\t\t<\/div>\n\t\t\t\t<\/div>\n\t\t\t\t<div class=\"elementor-element elementor-element-3f26005 elementor-widget elementor-widget-text-editor\" data-id=\"3f26005\" data-element_type=\"widget\" data-widget_type=\"text-editor.default\">\n\t\t\t\t<div class=\"elementor-widget-container\">\n\t\t\t\t\t\t\t<p>Palavras-chave: arte moderna, arte contempor\u00e2nea, arte decorativa, gravura emoldurada, mosaico, abstrato, arte de parede, decora\u00e7\u00e3o para sala, decora\u00e7\u00e3o para quarto, decora\u00e7\u00e3o para escrit\u00f3rio, decora\u00e7\u00e3o para recep\u00e7\u00e3o, objeto de decora\u00e7\u00e3o, objeto de arte, pe\u00e7a de decora\u00e7\u00e3o, pintura, edredon, composi\u00e7\u00e3o abstrata, impress\u00e3o, gravura, geom\u00e9trico, pe\u00e7as, azulejo, pastilha, colorido, edredon, raul cecilio<\/p>\t\t\t\t\t\t<\/div>\n\t\t\t\t<\/div>\n\t\t\t\t\t<\/div>\n\t\t<\/div>\n\t\t\t\t\t\t\t<\/div>\n\t\t<\/section>\n\t\t\t\t\t\t\t<\/div>\n\t\t","protected":false},"excerpt":{"rendered":"<p>Duvet 04 Duvet 04, agosto de 2018, Raul Cecilio Tamanho 44 x 20 cm Composi\u00e7\u00e3o abstrata formada por 55 pe\u00e7as pintadas digitalmente. O conjunto das pe\u00e7as forma o edredon. Cont\u00e9m uma variedade de cores. Palavras-chave: arte moderna, arte contempor\u00e2nea, arte decorativa, gravura emoldurada, mosaico, abstrato, arte de parede, decora\u00e7\u00e3o para sala, decora\u00e7\u00e3o para quarto, decora\u00e7\u00e3o&hellip; <a class=\"more-link\" href=\"https:\/\/raulcecilio.com\/index.php\/pt\/collections-pt_br\/ark-pieces-pt_br\/1st-chest-pt_br\/duvets-pt_br\/duvet-04-pt_br\/\">Continuar lendo <span class=\"screen-reader-text\">Duvet 04 &#8211; pt_BR<\/span><\/a><\/p>\n","protected":false},"author":1,"featured_media":0,"parent":7364,"menu_order":4,"comment_status":"closed","ping_status":"closed","template":"elementor_canvas","meta":[],"_links":{"self":[{"href":"https:\/\/raulcecilio.com\/index.php\/wp-json\/wp\/v2\/pages\/7532"}],"collection":[{"href":"https:\/\/raulcecilio.com\/index.php\/wp-json\/wp\/v2\/pages"}],"about":[{"href":"https:\/\/raulcecilio.com\/index.php\/wp-json\/wp\/v2\/types\/page"}],"author":[{"embeddable":true,"href":"https:\/\/raulcecilio.com\/index.php\/wp-json\/wp\/v2\/users\/1"}],"replies":[{"embeddable":true,"href":"https:\/\/raulcecilio.com\/index.php\/wp-json\/wp\/v2\/comments?post=7532"}],"version-history":[{"count":4,"href":"https:\/\/raulcecilio.com\/index.php\/wp-json\/wp\/v2\/pages\/7532\/revisions"}],"predecessor-version":[{"id":7536,"href":"https:\/\/raulcecilio.com\/index.php\/wp-json\/wp\/v2\/pages\/7532\/revisions\/7536"}],"up":[{"embeddable":true,"href":"https:\/\/raulcecilio.com\/index.php\/wp-json\/wp\/v2\/pages\/7364"}],"wp:attachment":[{"href":"https:\/\/raulcecilio.com\/index.php\/wp-json\/wp\/v2\/media?parent=7532"}],"curies":[{"name":"wp","href":"https:\/\/api.w.org\/{rel}","templated":true}]}}