{"id":7646,"date":"2022-10-25T17:01:55","date_gmt":"2022-10-25T20:01:55","guid":{"rendered":"https:\/\/raulcecilio.com\/?page_id=7646"},"modified":"2022-10-25T17:03:00","modified_gmt":"2022-10-25T20:03:00","slug":"square-tablecloth-08-pt_br","status":"publish","type":"page","link":"https:\/\/raulcecilio.com\/index.php\/pt\/collections-pt_br\/ark-pieces-pt_br\/1st-chest-pt_br\/square-tablecloths-pt_br\/square-tablecloth-08-pt_br\/","title":{"rendered":"Square tablecloth 08 &#8211; pt_BR"},"content":{"rendered":"\t\t<div data-elementor-type=\"wp-page\" data-elementor-id=\"7646\" class=\"elementor elementor-7646\">\n\t\t\t\t\t\t\t\t\t<section class=\"elementor-section elementor-top-section elementor-element elementor-element-d292de1 elementor-section-boxed elementor-section-height-default elementor-section-height-default\" data-id=\"d292de1\" data-element_type=\"section\">\n\t\t\t\t\t\t<div class=\"elementor-container elementor-column-gap-default\">\n\t\t\t\t\t<div class=\"elementor-column elementor-col-66 elementor-top-column elementor-element elementor-element-0687e6b\" data-id=\"0687e6b\" data-element_type=\"column\">\n\t\t\t<div class=\"elementor-widget-wrap elementor-element-populated\">\n\t\t\t\t\t\t\t\t<div class=\"elementor-element elementor-element-defbabf elementor-widget elementor-widget-image\" data-id=\"defbabf\" data-element_type=\"widget\" data-widget_type=\"image.default\">\n\t\t\t\t<div class=\"elementor-widget-container\">\n\t\t\t\t\t\t\t\t\t\t\t\t\t\t\t\t<a href=\"http:\/\/raulcecilio.com\/wp-content\/uploads\/2021\/10\/Square-tablecloths-AB.jpg\" data-elementor-open-lightbox=\"yes\" data-elementor-lightbox-title=\"Square tablecloth 08\" data-e-action-hash=\"#elementor-action%3Aaction%3Dlightbox%26settings%3DeyJpZCI6MTYyNywidXJsIjoiaHR0cHM6XC9cL3JhdWxjZWNpbGlvLmNvbVwvd3AtY29udGVudFwvdXBsb2Fkc1wvMjAyMVwvMTBcL1NxdWFyZS10YWJsZWNsb3Rocy1BQi5qcGcifQ%3D%3D\">\n\t\t\t\t\t\t\t<img decoding=\"async\" width=\"750\" height=\"750\" src=\"https:\/\/raulcecilio.com\/wp-content\/uploads\/2021\/10\/Square-tablecloths-AB.jpg\" class=\"attachment-large size-large wp-image-1627\" alt=\"\" srcset=\"https:\/\/raulcecilio.com\/wp-content\/uploads\/2021\/10\/Square-tablecloths-AB.jpg 756w, https:\/\/raulcecilio.com\/wp-content\/uploads\/2021\/10\/Square-tablecloths-AB-150x150.jpg 150w, https:\/\/raulcecilio.com\/wp-content\/uploads\/2021\/10\/Square-tablecloths-AB-300x300.jpg 300w\" sizes=\"(max-width: 750px) 100vw, 750px\" style=\"width:100%;height:100%;max-width:756px\" \/>\t\t\t\t\t\t\t\t<\/a>\n\t\t\t\t\t\t\t\t\t\t\t\t\t\t\t<\/div>\n\t\t\t\t<\/div>\n\t\t\t\t\t<\/div>\n\t\t<\/div>\n\t\t\t\t<div class=\"elementor-column elementor-col-33 elementor-top-column elementor-element elementor-element-275941e\" data-id=\"275941e\" data-element_type=\"column\">\n\t\t\t<div class=\"elementor-widget-wrap elementor-element-populated\">\n\t\t\t\t\t\t\t\t<div class=\"elementor-element elementor-element-f9cef2c elementor-widget elementor-widget-text-editor\" data-id=\"f9cef2c\" data-element_type=\"widget\" data-widget_type=\"text-editor.default\">\n\t\t\t\t<div class=\"elementor-widget-container\">\n\t\t\t\t\t\t\t<p>Square tablecloth 08<\/p>\t\t\t\t\t\t<\/div>\n\t\t\t\t<\/div>\n\t\t\t\t<div class=\"elementor-element elementor-element-d05efe3 elementor-widget elementor-widget-text-editor\" data-id=\"d05efe3\" data-element_type=\"widget\" data-widget_type=\"text-editor.default\">\n\t\t\t\t<div class=\"elementor-widget-container\">\n\t\t\t\t\t\t\t<p>Square tablecloth 08, outubro de\u00a0 2021, Raul Cecilio<\/p>\t\t\t\t\t\t<\/div>\n\t\t\t\t<\/div>\n\t\t\t\t<div class=\"elementor-element elementor-element-ca35db3 elementor-widget elementor-widget-text-editor\" data-id=\"ca35db3\" data-element_type=\"widget\" data-widget_type=\"text-editor.default\">\n\t\t\t\t<div class=\"elementor-widget-container\">\n\t\t\t\t\t\t\t<p>Tamanho 20 x 20 cm<\/p>\t\t\t\t\t\t<\/div>\n\t\t\t\t<\/div>\n\t\t\t\t<div class=\"elementor-element elementor-element-ce16a49 elementor-widget elementor-widget-text-editor\" data-id=\"ce16a49\" data-element_type=\"widget\" data-widget_type=\"text-editor.default\">\n\t\t\t\t<div class=\"elementor-widget-container\">\n\t\t\t\t\t\t\t<p>Composi\u00e7\u00e3o abstrata formada por 25 pe\u00e7as pintadas digitalmente. O conjunto das pe\u00e7as forma a toalha de mesa quadrada. Cont\u00e9m uma variedade de cores.<\/p>\t\t\t\t\t\t<\/div>\n\t\t\t\t<\/div>\n\t\t\t\t<div class=\"elementor-element elementor-element-f054d82 elementor-widget elementor-widget-text-editor\" data-id=\"f054d82\" data-element_type=\"widget\" data-widget_type=\"text-editor.default\">\n\t\t\t\t<div class=\"elementor-widget-container\">\n\t\t\t\t\t\t\t<p>Palavras-chave: arte moderna, arte contempor\u00e2nea, arte decorativa, gravura emoldurada, mosaico, abstrato, arte de parede, decora\u00e7\u00e3o para sala, decora\u00e7\u00e3o para quarto, decora\u00e7\u00e3o para escrit\u00f3rio, decora\u00e7\u00e3o para recep\u00e7\u00e3o, objeto de decora\u00e7\u00e3o, objeto de arte, pe\u00e7a de decora\u00e7\u00e3o, pintura, composi\u00e7\u00e3o abstrata, impress\u00e3o, gravura, geom\u00e9trico, pe\u00e7as, azulejo, pastilha, colorido, toalha de mesa quadrada, raul cecilio<\/p>\t\t\t\t\t\t<\/div>\n\t\t\t\t<\/div>\n\t\t\t\t\t<\/div>\n\t\t<\/div>\n\t\t\t\t\t\t\t<\/div>\n\t\t<\/section>\n\t\t\t\t\t\t\t<\/div>\n\t\t","protected":false},"excerpt":{"rendered":"<p>Square tablecloth 08 Square tablecloth 08, outubro de\u00a0 2021, Raul Cecilio Tamanho 20 x 20 cm Composi\u00e7\u00e3o abstrata formada por 25 pe\u00e7as pintadas digitalmente. O conjunto das pe\u00e7as forma a toalha de mesa quadrada. Cont\u00e9m uma variedade de cores. Palavras-chave: arte moderna, arte contempor\u00e2nea, arte decorativa, gravura emoldurada, mosaico, abstrato, arte de parede, decora\u00e7\u00e3o para&hellip; <a class=\"more-link\" href=\"https:\/\/raulcecilio.com\/index.php\/pt\/collections-pt_br\/ark-pieces-pt_br\/1st-chest-pt_br\/square-tablecloths-pt_br\/square-tablecloth-08-pt_br\/\">Continuar lendo <span class=\"screen-reader-text\">Square tablecloth 08 &#8211; pt_BR<\/span><\/a><\/p>\n","protected":false},"author":1,"featured_media":0,"parent":7369,"menu_order":4,"comment_status":"closed","ping_status":"closed","template":"elementor_canvas","meta":[],"_links":{"self":[{"href":"https:\/\/raulcecilio.com\/index.php\/wp-json\/wp\/v2\/pages\/7646"}],"collection":[{"href":"https:\/\/raulcecilio.com\/index.php\/wp-json\/wp\/v2\/pages"}],"about":[{"href":"https:\/\/raulcecilio.com\/index.php\/wp-json\/wp\/v2\/types\/page"}],"author":[{"embeddable":true,"href":"https:\/\/raulcecilio.com\/index.php\/wp-json\/wp\/v2\/users\/1"}],"replies":[{"embeddable":true,"href":"https:\/\/raulcecilio.com\/index.php\/wp-json\/wp\/v2\/comments?post=7646"}],"version-history":[{"count":4,"href":"https:\/\/raulcecilio.com\/index.php\/wp-json\/wp\/v2\/pages\/7646\/revisions"}],"predecessor-version":[{"id":7650,"href":"https:\/\/raulcecilio.com\/index.php\/wp-json\/wp\/v2\/pages\/7646\/revisions\/7650"}],"up":[{"embeddable":true,"href":"https:\/\/raulcecilio.com\/index.php\/wp-json\/wp\/v2\/pages\/7369"}],"wp:attachment":[{"href":"https:\/\/raulcecilio.com\/index.php\/wp-json\/wp\/v2\/media?parent=7646"}],"curies":[{"name":"wp","href":"https:\/\/api.w.org\/{rel}","templated":true}]}}