{"id":7727,"date":"2022-11-25T16:08:13","date_gmt":"2022-11-25T19:08:13","guid":{"rendered":"https:\/\/raulcecilio.com\/?page_id=7727"},"modified":"2022-11-25T16:09:09","modified_gmt":"2022-11-25T19:09:09","slug":"quilt-08-pt_br","status":"publish","type":"page","link":"https:\/\/raulcecilio.com\/index.php\/pt\/collections-pt_br\/ark-pieces-pt_br\/1st-chest-pt_br\/quilts-pt_br\/quilt-08-pt_br\/","title":{"rendered":"Quilt 08 &#8211; pt_BR"},"content":{"rendered":"\t\t<div data-elementor-type=\"wp-page\" data-elementor-id=\"7727\" class=\"elementor elementor-7727\">\n\t\t\t\t\t\t\t\t\t<section class=\"elementor-section elementor-top-section elementor-element elementor-element-b6ab407 elementor-section-boxed elementor-section-height-default elementor-section-height-default\" data-id=\"b6ab407\" data-element_type=\"section\">\n\t\t\t\t\t\t<div class=\"elementor-container elementor-column-gap-default\">\n\t\t\t\t\t<div class=\"elementor-column elementor-col-66 elementor-top-column elementor-element elementor-element-8015464\" data-id=\"8015464\" data-element_type=\"column\">\n\t\t\t<div class=\"elementor-widget-wrap elementor-element-populated\">\n\t\t\t\t\t\t\t\t<div class=\"elementor-element elementor-element-361e02d elementor-widget elementor-widget-image\" data-id=\"361e02d\" data-element_type=\"widget\" data-widget_type=\"image.default\">\n\t\t\t\t<div class=\"elementor-widget-container\">\n\t\t\t\t\t\t\t\t\t\t\t\t\t\t\t\t<a href=\"http:\/\/raulcecilio.com\/wp-content\/uploads\/2021\/11\/Quilt-08.jpg\" data-elementor-open-lightbox=\"yes\" data-elementor-lightbox-title=\"Quilt 08\" data-e-action-hash=\"#elementor-action%3Aaction%3Dlightbox%26settings%3DeyJpZCI6MjA5NywidXJsIjoiaHR0cHM6XC9cL3JhdWxjZWNpbGlvLmNvbVwvd3AtY29udGVudFwvdXBsb2Fkc1wvMjAyMVwvMTFcL1F1aWx0LTA4LmpwZyJ9\">\n\t\t\t\t\t\t\t<img decoding=\"async\" width=\"750\" height=\"900\" src=\"https:\/\/raulcecilio.com\/wp-content\/uploads\/2021\/11\/Quilt-08-853x1024.jpg\" class=\"attachment-large size-large wp-image-2097\" alt=\"\" srcset=\"https:\/\/raulcecilio.com\/wp-content\/uploads\/2021\/11\/Quilt-08-853x1024.jpg 853w, https:\/\/raulcecilio.com\/wp-content\/uploads\/2021\/11\/Quilt-08-250x300.jpg 250w, https:\/\/raulcecilio.com\/wp-content\/uploads\/2021\/11\/Quilt-08-768x922.jpg 768w, https:\/\/raulcecilio.com\/wp-content\/uploads\/2021\/11\/Quilt-08.jpg 1280w\" sizes=\"(max-width: 750px) 100vw, 750px\" style=\"width:100%;height:120%;max-width:1280px\" \/>\t\t\t\t\t\t\t\t<\/a>\n\t\t\t\t\t\t\t\t\t\t\t\t\t\t\t<\/div>\n\t\t\t\t<\/div>\n\t\t\t\t\t<\/div>\n\t\t<\/div>\n\t\t\t\t<div class=\"elementor-column elementor-col-33 elementor-top-column elementor-element elementor-element-bb9cc31\" data-id=\"bb9cc31\" data-element_type=\"column\">\n\t\t\t<div class=\"elementor-widget-wrap elementor-element-populated\">\n\t\t\t\t\t\t\t\t<div class=\"elementor-element elementor-element-5074796 elementor-widget elementor-widget-text-editor\" data-id=\"5074796\" data-element_type=\"widget\" data-widget_type=\"text-editor.default\">\n\t\t\t\t<div class=\"elementor-widget-container\">\n\t\t\t\t\t\t\t<p>Quilt 08<\/p>\t\t\t\t\t\t<\/div>\n\t\t\t\t<\/div>\n\t\t\t\t<div class=\"elementor-element elementor-element-96cd4b3 elementor-widget elementor-widget-text-editor\" data-id=\"96cd4b3\" data-element_type=\"widget\" data-widget_type=\"text-editor.default\">\n\t\t\t\t<div class=\"elementor-widget-container\">\n\t\t\t\t\t\t\t<p>Quilt 08, outubro de 2021, Raul Cecilio<\/p>\t\t\t\t\t\t<\/div>\n\t\t\t\t<\/div>\n\t\t\t\t<div class=\"elementor-element elementor-element-a0603d7 elementor-widget elementor-widget-text-editor\" data-id=\"a0603d7\" data-element_type=\"widget\" data-widget_type=\"text-editor.default\">\n\t\t\t\t<div class=\"elementor-widget-container\">\n\t\t\t\t\t\t\t<p>Tamanho 24 x 20 cm<\/p>\t\t\t\t\t\t<\/div>\n\t\t\t\t<\/div>\n\t\t\t\t<div class=\"elementor-element elementor-element-1bbfc05 elementor-widget elementor-widget-text-editor\" data-id=\"1bbfc05\" data-element_type=\"widget\" data-widget_type=\"text-editor.default\">\n\t\t\t\t<div class=\"elementor-widget-container\">\n\t\t\t\t\t\t\t<p>Composi\u00e7\u00e3o abstrata formada por 30 pe\u00e7as pintadas digitalmente. O conjunto das pe\u00e7as forma a colcha. Cont\u00e9m uma variedade de cores.<\/p>\t\t\t\t\t\t<\/div>\n\t\t\t\t<\/div>\n\t\t\t\t<div class=\"elementor-element elementor-element-56030d4 elementor-widget elementor-widget-text-editor\" data-id=\"56030d4\" data-element_type=\"widget\" data-widget_type=\"text-editor.default\">\n\t\t\t\t<div class=\"elementor-widget-container\">\n\t\t\t\t\t\t\t<p>Palavras-chave: arte moderna, arte contempor\u00e2nea, arte decorativa, gravura emoldurada, mosaico, abstrato, arte de parede, decora\u00e7\u00e3o para sala, decora\u00e7\u00e3o para quarto, decora\u00e7\u00e3o para escrit\u00f3rio, decora\u00e7\u00e3o para recep\u00e7\u00e3o, objeto de decora\u00e7\u00e3o, objeto de arte, pe\u00e7a de decora\u00e7\u00e3o, pintura, colcha, composi\u00e7\u00e3o abstrata, impress\u00e3o, gravura, geom\u00e9trico, pe\u00e7as, azulejo, pastilha, colorido, raul cecilio<\/p>\t\t\t\t\t\t<\/div>\n\t\t\t\t<\/div>\n\t\t\t\t\t<\/div>\n\t\t<\/div>\n\t\t\t\t\t\t\t<\/div>\n\t\t<\/section>\n\t\t\t\t\t\t\t<\/div>\n\t\t","protected":false},"excerpt":{"rendered":"<p>Quilt 08 Quilt 08, outubro de 2021, Raul Cecilio Tamanho 24 x 20 cm Composi\u00e7\u00e3o abstrata formada por 30 pe\u00e7as pintadas digitalmente. O conjunto das pe\u00e7as forma a colcha. Cont\u00e9m uma variedade de cores. Palavras-chave: arte moderna, arte contempor\u00e2nea, arte decorativa, gravura emoldurada, mosaico, abstrato, arte de parede, decora\u00e7\u00e3o para sala, decora\u00e7\u00e3o para quarto, decora\u00e7\u00e3o&hellip; <a class=\"more-link\" href=\"https:\/\/raulcecilio.com\/index.php\/pt\/collections-pt_br\/ark-pieces-pt_br\/1st-chest-pt_br\/quilts-pt_br\/quilt-08-pt_br\/\">Continuar lendo <span class=\"screen-reader-text\">Quilt 08 &#8211; pt_BR<\/span><\/a><\/p>\n","protected":false},"author":1,"featured_media":0,"parent":7374,"menu_order":4,"comment_status":"closed","ping_status":"closed","template":"elementor_canvas","meta":[],"_links":{"self":[{"href":"https:\/\/raulcecilio.com\/index.php\/wp-json\/wp\/v2\/pages\/7727"}],"collection":[{"href":"https:\/\/raulcecilio.com\/index.php\/wp-json\/wp\/v2\/pages"}],"about":[{"href":"https:\/\/raulcecilio.com\/index.php\/wp-json\/wp\/v2\/types\/page"}],"author":[{"embeddable":true,"href":"https:\/\/raulcecilio.com\/index.php\/wp-json\/wp\/v2\/users\/1"}],"replies":[{"embeddable":true,"href":"https:\/\/raulcecilio.com\/index.php\/wp-json\/wp\/v2\/comments?post=7727"}],"version-history":[{"count":4,"href":"https:\/\/raulcecilio.com\/index.php\/wp-json\/wp\/v2\/pages\/7727\/revisions"}],"predecessor-version":[{"id":7731,"href":"https:\/\/raulcecilio.com\/index.php\/wp-json\/wp\/v2\/pages\/7727\/revisions\/7731"}],"up":[{"embeddable":true,"href":"https:\/\/raulcecilio.com\/index.php\/wp-json\/wp\/v2\/pages\/7374"}],"wp:attachment":[{"href":"https:\/\/raulcecilio.com\/index.php\/wp-json\/wp\/v2\/media?parent=7727"}],"curies":[{"name":"wp","href":"https:\/\/api.w.org\/{rel}","templated":true}]}}